{"id":14855,"date":"2024-06-07T11:44:28","date_gmt":"2024-06-07T09:44:28","guid":{"rendered":"https:\/\/chateau-formont.com\/?page_id=14855"},"modified":"2024-06-12T14:03:09","modified_gmt":"2024-06-12T12:03:09","slug":"pretty-carriage","status":"publish","type":"page","link":"https:\/\/chateau-formont.com\/index.php\/pretty-carriage\/","title":{"rendered":"Pretty Carriage"},"content":{"rendered":"\t\t<div data-elementor-type=\"wp-page\" data-elementor-id=\"14855\" class=\"elementor elementor-14855\">\n\t\t\t\t\t\t<section class=\"elementor-section elementor-top-section elementor-element elementor-element-27c898f2 elementor-section-height-full elementor-section-content-bottom elementor-section-items-bottom elementor-section-boxed elementor-section-height-default\" data-id=\"27c898f2\" data-element_type=\"section\" data-e-type=\"section\" data-settings=\"{&quot;background_background&quot;:&quot;classic&quot;}\">\n\t\t\t\t\t\t\t<div class=\"elementor-background-overlay\"><\/div>\n\t\t\t\t\t\t\t<div class=\"elementor-container elementor-column-gap-default\">\n\t\t\t\t\t<div class=\"lqd-css-sticky-column elementor-column elementor-col-100 elementor-top-column elementor-element elementor-element-6d23fea1\" style=\"--lqd-sticky-offset:0px\" data-id=\"6d23fea1\" data-element_type=\"column\" data-e-type=\"column\">\n\t\t\t<div class=\"elementor-widget-wrap elementor-element-populated\">\n\t\t\t\t\t\t<div class=\"elementor-element elementor-element-72550cac elementor-widget__width-initial elementor-widget elementor-widget-hub_fancy_heading\" data-id=\"72550cac\" data-element_type=\"widget\" data-e-type=\"widget\" data-widget_type=\"hub_fancy_heading.default\">\n\t\t\t\t<div class=\"elementor-widget-container\">\n\t\t\t\t\t\n\t\t<div id=\"ld-fancy-heading-69f36273748c9\" class=\"ld-fancy-heading pos-rel\">\n\t\t\t<h2 class=\"ld-fh-element d-inline-block pos-rel  elementor-heading-title lqd-highlight-classic lqd-highlight-grow-left h2\"  > Pretty Carriage<\/h2>\t\t<\/div>\n\n\t\t\t\t\t\t<\/div>\n\t\t\t\t<\/div>\n\t\t\t\t\t<\/div>\n\t\t<\/div>\n\t\t\t\t\t<\/div>\n\t\t<\/section>\n\t\t\t\t<section class=\"elementor-section elementor-top-section elementor-element elementor-element-7d6c45d7 elementor-section-boxed elementor-section-height-default elementor-section-height-default\" data-id=\"7d6c45d7\" data-element_type=\"section\" data-e-type=\"section\" data-settings=\"{&quot;background_background&quot;:&quot;classic&quot;}\">\n\t\t\t\t\t\t<div class=\"elementor-container elementor-column-gap-default\">\n\t\t\t\t\t<div class=\"elementor-column elementor-col-50 elementor-top-column elementor-element elementor-element-262acb9d\" data-id=\"262acb9d\" data-element_type=\"column\" data-e-type=\"column\">\n\t\t\t<div class=\"elementor-widget-wrap elementor-element-populated\">\n\t\t\t\t\t\t<div class=\"elementor-element elementor-element-47918cd8 elementor-widget elementor-widget-hub_fancy_heading\" data-id=\"47918cd8\" data-element_type=\"widget\" data-e-type=\"widget\" data-widget_type=\"hub_fancy_heading.default\">\n\t\t\t\t<div class=\"elementor-widget-container\">\n\t\t\t\t\t\n\t\t<div id=\"ld-fancy-heading-69f3627375363\" class=\"ld-fancy-heading pos-rel\">\n\t\t\t<h5 class=\"ld-fh-element d-inline-block pos-rel  elementor-heading-title lqd-highlight-classic lqd-highlight-grow-left h5\"  > Save the Date\n<br>\nSunday 30th June 2024<\/h5>\t\t<\/div>\n\n\t\t\t\t\t\t<\/div>\n\t\t\t\t<\/div>\n\t\t\t\t\t<\/div>\n\t\t<\/div>\n\t\t\t\t<div class=\"elementor-column elementor-col-50 elementor-top-column elementor-element elementor-element-e7b8db3\" data-id=\"e7b8db3\" data-element_type=\"column\" data-e-type=\"column\">\n\t\t\t<div class=\"elementor-widget-wrap elementor-element-populated\">\n\t\t\t\t\t\t<div class=\"elementor-element elementor-element-5186c029 elementor-widget__width-initial elementor-widget elementor-widget-hub_fancy_heading\" data-id=\"5186c029\" data-element_type=\"widget\" data-e-type=\"widget\" data-widget_type=\"hub_fancy_heading.default\">\n\t\t\t\t<div class=\"elementor-widget-container\">\n\t\t\t\t\t\n\t\t<div id=\"ld-fancy-heading-69f3627375bcf\" class=\"ld-fancy-heading pos-rel\">\n\t\t\t<p class=\"ld-fh-element d-inline-block pos-rel  lqd-highlight-classic lqd-highlight-grow-left p\"  > Dear automobile enthusiasts and animal lovers,\n\nWe are pleased to invite you to an exceptional event that combines two of our passions: cars and dogs!\n\nJoin us on June 30, 2024, from 10 am for a charitable event that promises entertainment and solidarity!\n\n\n\n\n\n\n<\/p>\t\t<\/div>\n\n\t\t\t\t\t\t<\/div>\n\t\t\t\t<\/div>\n\t\t\t\t\t<\/div>\n\t\t<\/div>\n\t\t\t\t\t<\/div>\n\t\t<\/section>\n\t\t<div class=\"elementor-element elementor-element-193216cd e-grid e-con-boxed e-con e-parent\" data-id=\"193216cd\" data-element_type=\"container\" data-e-type=\"container\" data-settings=\"{&quot;background_background&quot;:&quot;classic&quot;}\">\n\t\t\t\t\t<div class=\"e-con-inner\">\n\t\t\t\t<div class=\"elementor-element elementor-element-6a6740d6 elementor-widget elementor-widget-image\" data-id=\"6a6740d6\" data-element_type=\"widget\" data-e-type=\"widget\" data-widget_type=\"image.default\">\n\t\t\t\t<div class=\"elementor-widget-container\">\n\t\t\t\t\t\t\t\t\t\t\t\t\t\t\t<img fetchpriority=\"high\" decoding=\"async\" width=\"780\" height=\"975\" src=\"https:\/\/chateau-formont.com\/wp-content\/uploads\/2024\/06\/Post-Joli-Carrosse-819x1024.png\" class=\"attachment-large size-large wp-image-14829\" alt=\"Exposition voiture ch\u00e2teau Formont Ambar\u00e8s Bordeaux bassens\" srcset=\"https:\/\/chateau-formont.com\/wp-content\/uploads\/2024\/06\/Post-Joli-Carrosse-819x1024.png 819w, https:\/\/chateau-formont.com\/wp-content\/uploads\/2024\/06\/Post-Joli-Carrosse-240x300.png 240w, https:\/\/chateau-formont.com\/wp-content\/uploads\/2024\/06\/Post-Joli-Carrosse-1638x2048.png 1638w, https:\/\/chateau-formont.com\/wp-content\/uploads\/2024\/06\/Post-Joli-Carrosse-1229x1536.png 1229w, https:\/\/chateau-formont.com\/wp-content\/uploads\/2024\/06\/Post-Joli-Carrosse.png 1748w\" sizes=\"(max-width: 780px) 100vw, 780px\" \/>\t\t\t\t\t\t\t\t\t\t\t\t\t\t\t<\/div>\n\t\t\t\t<\/div>\n\t\t\t\t<div class=\"elementor-element elementor-element-6ecbb661 elementor-widget elementor-widget-hub_fancy_heading\" data-id=\"6ecbb661\" data-element_type=\"widget\" data-e-type=\"widget\" data-widget_type=\"hub_fancy_heading.default\">\n\t\t\t\t<div class=\"elementor-widget-container\">\n\t\t\t\t\t\n\t\t<div id=\"ld-fancy-heading-69f36273763c0\" class=\"ld-fancy-heading pos-rel\">\n\t\t\t<p class=\"ld-fh-element d-inline-block pos-rel  lqd-highlight-classic lqd-highlight-grow-left p\"  > Admire a superb selection of vehicles, enjoy our pastries, participate in games, demonstrations of car wrapping and dog dancing, and join canine care workshops.\n<br>\n<br>\nSavor a variety of culinary delights offered by local food trucks. Relax by the pool and enjoy a summer atmosphere accompanied by our musicians and DJ.\n<br>\n<br>\nCharity event in support of the Refuge Canin Solidaire <\/p>\t\t<\/div>\n\n\t\t\t\t\t\t<\/div>\n\t\t\t\t<\/div>\n\t\t\t\t<div class=\"elementor-element elementor-element-69cd2cd5 elementor-widget elementor-widget-image\" data-id=\"69cd2cd5\" data-element_type=\"widget\" data-e-type=\"widget\" data-widget_type=\"image.default\">\n\t\t\t\t<div class=\"elementor-widget-container\">\n\t\t\t\t\t\t\t\t\t\t\t\t\t\t\t<img decoding=\"async\" width=\"780\" height=\"975\" src=\"data:image\/svg+xml;charset=utf-8,%3Csvg xmlns%3D&#039;http%3A%2F%2Fwww.w3.org%2F2000%2Fsvg&#039; viewBox%3D&#039;0 0 819 1024&#039;%2F%3E\" class=\"attachment-large size-large wp-image-14830 ld-lazyload\" alt=\"joli carrosse event automobile canin ambar\u00e8s et lagrave\" data-src=\"https:\/\/chateau-formont.com\/wp-content\/uploads\/2024\/06\/Post-Verso-affiche-819x1024.png\" data-srcset=\"https:\/\/chateau-formont.com\/wp-content\/uploads\/2024\/06\/Post-Verso-affiche-819x1024.png 819w, https:\/\/chateau-formont.com\/wp-content\/uploads\/2024\/06\/Post-Verso-affiche-240x300.png 240w, https:\/\/chateau-formont.com\/wp-content\/uploads\/2024\/06\/Post-Verso-affiche-1229x1536.png 1229w, https:\/\/chateau-formont.com\/wp-content\/uploads\/2024\/06\/Post-Verso-affiche-1638x2048.png 1638w, https:\/\/chateau-formont.com\/wp-content\/uploads\/2024\/06\/Post-Verso-affiche.png 1748w\" data-sizes=\"(max-width: 780px) 100vw, 780px\" data-aspect=\"0.7998046875\" \/>\t\t\t\t\t\t\t\t\t\t\t\t\t\t\t<\/div>\n\t\t\t\t<\/div>\n\t\t\t\t\t<\/div>\n\t\t\t\t<\/div>\n\t\t\t\t<\/div>\n\t\t","protected":false},"excerpt":{"rendered":"<p>Pretty Carriage Save the Date Sunday 30th June 2024 Dear automobile enthusiasts and animal lovers, We are pleased to invite you to an exceptional event that combines two of our passions: cars and dogs! Join us on June 30, 2024, from 10 am for a charitable event that promises entertainment and solidarity! Admire a superb [&hellip;]<\/p>\n","protected":false},"author":1,"featured_media":0,"parent":0,"menu_order":0,"comment_status":"closed","ping_status":"closed","template":"","meta":{"footnotes":""},"class_list":["post-14855","page","type-page","status-publish","hentry"],"yoast_head":"<!-- This site is optimized with the Yoast SEO plugin v21.4 - https:\/\/yoast.com\/wordpress\/plugins\/seo\/ -->\n<title>Pretty Carriage - Ch\u00e2teau Formont<\/title>\n<meta name=\"robots\" content=\"index, follow, max-snippet:-1, max-image-preview:large, max-video-preview:-1\" \/>\n<link rel=\"canonical\" href=\"https:\/\/chateau-formont.com\/index.php\/pretty-carriage\/\" \/>\n<meta property=\"og:locale\" content=\"fr_FR\" \/>\n<meta property=\"og:type\" content=\"article\" \/>\n<meta property=\"og:title\" content=\"Pretty Carriage - Ch\u00e2teau Formont\" \/>\n<meta property=\"og:description\" content=\"Pretty Carriage Save the Date Sunday 30th June 2024 Dear automobile enthusiasts and animal lovers, We are pleased to invite you to an exceptional event that combines two of our passions: cars and dogs! Join us on June 30, 2024, from 10 am for a charitable event that promises entertainment and solidarity! Admire a superb [&hellip;]\" \/>\n<meta property=\"og:url\" content=\"https:\/\/chateau-formont.com\/index.php\/pretty-carriage\/\" \/>\n<meta property=\"og:site_name\" content=\"Ch\u00e2teau Formont\" \/>\n<meta property=\"article:modified_time\" content=\"2024-06-12T12:03:09+00:00\" \/>\n<meta property=\"og:image\" content=\"https:\/\/chateau-formont.com\/wp-content\/uploads\/2024\/06\/Post-Joli-Carrosse-819x1024.png\" \/>\n<meta name=\"twitter:card\" content=\"summary_large_image\" \/>\n<meta name=\"twitter:label1\" content=\"Dur\u00e9e de lecture estim\u00e9e\" \/>\n\t<meta name=\"twitter:data1\" content=\"1 minute\" \/>\n<script type=\"application\/ld+json\" class=\"yoast-schema-graph\">{\"@context\":\"https:\/\/schema.org\",\"@graph\":[{\"@type\":\"WebPage\",\"@id\":\"https:\/\/chateau-formont.com\/index.php\/pretty-carriage\/\",\"url\":\"https:\/\/chateau-formont.com\/index.php\/pretty-carriage\/\",\"name\":\"Pretty Carriage - Ch\u00e2teau Formont\",\"isPartOf\":{\"@id\":\"https:\/\/chateau-formont.com\/#website\"},\"datePublished\":\"2024-06-07T09:44:28+00:00\",\"dateModified\":\"2024-06-12T12:03:09+00:00\",\"breadcrumb\":{\"@id\":\"https:\/\/chateau-formont.com\/index.php\/pretty-carriage\/#breadcrumb\"},\"inLanguage\":\"fr-FR\",\"potentialAction\":[{\"@type\":\"ReadAction\",\"target\":[\"https:\/\/chateau-formont.com\/index.php\/pretty-carriage\/\"]}]},{\"@type\":\"BreadcrumbList\",\"@id\":\"https:\/\/chateau-formont.com\/index.php\/pretty-carriage\/#breadcrumb\",\"itemListElement\":[{\"@type\":\"ListItem\",\"position\":1,\"name\":\"Accueil\",\"item\":\"https:\/\/chateau-formont.com\/\"},{\"@type\":\"ListItem\",\"position\":2,\"name\":\"Pretty Carriage\"}]},{\"@type\":\"WebSite\",\"@id\":\"https:\/\/chateau-formont.com\/#website\",\"url\":\"https:\/\/chateau-formont.com\/\",\"name\":\"Ch\u00e2teau Formont\",\"description\":\"Un lieu unique \u00e0 Ambar\u00e8s-et-Lagrave\",\"potentialAction\":[{\"@type\":\"SearchAction\",\"target\":{\"@type\":\"EntryPoint\",\"urlTemplate\":\"https:\/\/chateau-formont.com\/?s={search_term_string}\"},\"query-input\":\"required name=search_term_string\"}],\"inLanguage\":\"fr-FR\"}]}<\/script>\n<!-- \/ Yoast SEO plugin. -->","yoast_head_json":{"title":"Pretty Carriage - Ch\u00e2teau Formont","robots":{"index":"index","follow":"follow","max-snippet":"max-snippet:-1","max-image-preview":"max-image-preview:large","max-video-preview":"max-video-preview:-1"},"canonical":"https:\/\/chateau-formont.com\/index.php\/pretty-carriage\/","og_locale":"fr_FR","og_type":"article","og_title":"Pretty Carriage - Ch\u00e2teau Formont","og_description":"Pretty Carriage Save the Date Sunday 30th June 2024 Dear automobile enthusiasts and animal lovers, We are pleased to invite you to an exceptional event that combines two of our passions: cars and dogs! Join us on June 30, 2024, from 10 am for a charitable event that promises entertainment and solidarity! Admire a superb [&hellip;]","og_url":"https:\/\/chateau-formont.com\/index.php\/pretty-carriage\/","og_site_name":"Ch\u00e2teau Formont","article_modified_time":"2024-06-12T12:03:09+00:00","og_image":[{"url":"https:\/\/chateau-formont.com\/wp-content\/uploads\/2024\/06\/Post-Joli-Carrosse-819x1024.png"}],"twitter_card":"summary_large_image","twitter_misc":{"Dur\u00e9e de lecture estim\u00e9e":"1 minute"},"schema":{"@context":"https:\/\/schema.org","@graph":[{"@type":"WebPage","@id":"https:\/\/chateau-formont.com\/index.php\/pretty-carriage\/","url":"https:\/\/chateau-formont.com\/index.php\/pretty-carriage\/","name":"Pretty Carriage - Ch\u00e2teau Formont","isPartOf":{"@id":"https:\/\/chateau-formont.com\/#website"},"datePublished":"2024-06-07T09:44:28+00:00","dateModified":"2024-06-12T12:03:09+00:00","breadcrumb":{"@id":"https:\/\/chateau-formont.com\/index.php\/pretty-carriage\/#breadcrumb"},"inLanguage":"fr-FR","potentialAction":[{"@type":"ReadAction","target":["https:\/\/chateau-formont.com\/index.php\/pretty-carriage\/"]}]},{"@type":"BreadcrumbList","@id":"https:\/\/chateau-formont.com\/index.php\/pretty-carriage\/#breadcrumb","itemListElement":[{"@type":"ListItem","position":1,"name":"Accueil","item":"https:\/\/chateau-formont.com\/"},{"@type":"ListItem","position":2,"name":"Pretty Carriage"}]},{"@type":"WebSite","@id":"https:\/\/chateau-formont.com\/#website","url":"https:\/\/chateau-formont.com\/","name":"Ch\u00e2teau Formont","description":"Un lieu unique \u00e0 Ambar\u00e8s-et-Lagrave","potentialAction":[{"@type":"SearchAction","target":{"@type":"EntryPoint","urlTemplate":"https:\/\/chateau-formont.com\/?s={search_term_string}"},"query-input":"required name=search_term_string"}],"inLanguage":"fr-FR"}]}},"_links":{"self":[{"href":"https:\/\/chateau-formont.com\/index.php\/wp-json\/wp\/v2\/pages\/14855","targetHints":{"allow":["GET"]}}],"collection":[{"href":"https:\/\/chateau-formont.com\/index.php\/wp-json\/wp\/v2\/pages"}],"about":[{"href":"https:\/\/chateau-formont.com\/index.php\/wp-json\/wp\/v2\/types\/page"}],"author":[{"embeddable":true,"href":"https:\/\/chateau-formont.com\/index.php\/wp-json\/wp\/v2\/users\/1"}],"replies":[{"embeddable":true,"href":"https:\/\/chateau-formont.com\/index.php\/wp-json\/wp\/v2\/comments?post=14855"}],"version-history":[{"count":7,"href":"https:\/\/chateau-formont.com\/index.php\/wp-json\/wp\/v2\/pages\/14855\/revisions"}],"predecessor-version":[{"id":14899,"href":"https:\/\/chateau-formont.com\/index.php\/wp-json\/wp\/v2\/pages\/14855\/revisions\/14899"}],"wp:attachment":[{"href":"https:\/\/chateau-formont.com\/index.php\/wp-json\/wp\/v2\/media?parent=14855"}],"curies":[{"name":"wp","href":"https:\/\/api.w.org\/{rel}","templated":true}]}}