{"id":14863,"date":"2024-06-07T11:49:41","date_gmt":"2024-06-07T09:49:41","guid":{"rendered":"https:\/\/chateau-formont.com\/?page_id=14863"},"modified":"2024-06-07T11:53:26","modified_gmt":"2024-06-07T09:53:26","slug":"open-air-cinema","status":"publish","type":"page","link":"https:\/\/chateau-formont.com\/index.php\/open-air-cinema\/","title":{"rendered":"Open air Cinema"},"content":{"rendered":"\t\t<div data-elementor-type=\"wp-page\" data-elementor-id=\"14863\" class=\"elementor elementor-14863\">\n\t\t\t\t\t\t<section class=\"elementor-section elementor-top-section elementor-element elementor-element-378ea72c elementor-section-height-full elementor-section-content-bottom elementor-section-items-bottom elementor-section-boxed elementor-section-height-default\" data-id=\"378ea72c\" data-element_type=\"section\" data-e-type=\"section\" data-settings=\"{&quot;background_background&quot;:&quot;classic&quot;}\">\n\t\t\t\t\t\t\t<div class=\"elementor-background-overlay\"><\/div>\n\t\t\t\t\t\t\t<div class=\"elementor-container elementor-column-gap-default\">\n\t\t\t\t\t<div class=\"elementor-column elementor-col-100 elementor-top-column elementor-element elementor-element-7fd0ed6f\" data-id=\"7fd0ed6f\" data-element_type=\"column\" data-e-type=\"column\">\n\t\t\t<div class=\"elementor-widget-wrap\">\n\t\t\t\t\t\t\t<\/div>\n\t\t<\/div>\n\t\t\t\t\t<\/div>\n\t\t<\/section>\n\t\t\t\t<section class=\"elementor-section elementor-top-section elementor-element elementor-element-4f4f1c75 elementor-section-boxed elementor-section-height-default elementor-section-height-default\" data-id=\"4f4f1c75\" data-element_type=\"section\" data-e-type=\"section\" data-settings=\"{&quot;background_background&quot;:&quot;classic&quot;}\">\n\t\t\t\t\t\t<div class=\"elementor-container elementor-column-gap-default\">\n\t\t\t\t\t<div class=\"elementor-column elementor-col-50 elementor-top-column elementor-element elementor-element-44a82faf\" data-id=\"44a82faf\" data-element_type=\"column\" data-e-type=\"column\">\n\t\t\t<div class=\"elementor-widget-wrap elementor-element-populated\">\n\t\t\t\t\t\t<div class=\"elementor-element elementor-element-56bf6be elementor-widget elementor-widget-hub_fancy_heading\" data-id=\"56bf6be\" data-element_type=\"widget\" data-e-type=\"widget\" data-widget_type=\"hub_fancy_heading.default\">\n\t\t\t\t<div class=\"elementor-widget-container\">\n\t\t\t\t\t\n\t\t<div id=\"ld-fancy-heading-69f4c2db008b4\" class=\"ld-fancy-heading pos-rel\">\n\t\t\t<h5 class=\"ld-fh-element d-inline-block pos-rel  elementor-heading-title lqd-highlight-classic lqd-highlight-grow-left h5\"  > Save the DATE\n <br>\n5 july 2024<\/h5>\t\t<\/div>\n\n\t\t\t\t\t\t<\/div>\n\t\t\t\t<\/div>\n\t\t\t\t\t<\/div>\n\t\t<\/div>\n\t\t\t\t<div class=\"elementor-column elementor-col-50 elementor-top-column elementor-element elementor-element-79f46b49\" data-id=\"79f46b49\" data-element_type=\"column\" data-e-type=\"column\">\n\t\t\t<div class=\"elementor-widget-wrap elementor-element-populated\">\n\t\t\t\t\t\t<div class=\"elementor-element elementor-element-173be029 elementor-widget elementor-widget-hub_fancy_heading\" data-id=\"173be029\" data-element_type=\"widget\" data-e-type=\"widget\" data-widget_type=\"hub_fancy_heading.default\">\n\t\t\t\t<div class=\"elementor-widget-container\">\n\t\t\t\t\t\n\t\t<div id=\"ld-fancy-heading-69f4c2db00fb4\" class=\"ld-fancy-heading pos-rel\">\n\t\t\t<h2 class=\"ld-fh-element d-inline-block pos-rel  elementor-heading-title lqd-highlight-classic lqd-highlight-grow-left h2\"  > Open air Cinema - Barbie <\/h2>\t\t<\/div>\n\n\t\t\t\t\t\t<\/div>\n\t\t\t\t<\/div>\n\t\t\t\t<div class=\"elementor-element elementor-element-10255ec1 elementor-widget__width-initial elementor-widget elementor-widget-hub_fancy_heading\" data-id=\"10255ec1\" data-element_type=\"widget\" data-e-type=\"widget\" data-widget_type=\"hub_fancy_heading.default\">\n\t\t\t\t<div class=\"elementor-widget-container\">\n\t\t\t\t\t\n\t\t<div id=\"ld-fancy-heading-69f4c2db014e1\" class=\"ld-fancy-heading pos-rel\">\n\t\t\t<h3 class=\"ld-fh-element d-inline-block pos-rel  elementor-heading-title lqd-highlight-classic lqd-highlight-grow-left h3\"  > Cinema fans? Come and enjoy an open-air cinema evening on July 5th at Ch\u00e2teau Formont in Ambar\u00e8s-et-Lagrave, just 20 minutes from Bordeaux! \ud83c\udfac\n<br>\n<br>\nStarting at 6 PM, you can savor the delights and drinks offered by the food trucks and the ch\u00e2teau bar while immersing yourself in the world of the Barbie movie. Activities for children, a bouncy castle, and a photo booth will be available \ud83c\udff0\n<br>\n<br>\nRemember to bring your blankets and chairs to enjoy the movie screening in the best comfort.\n<br>\n<br>\nFor the gourmands, popcorn and cotton candy will be on sale throughout the evening\ud83c\udf7f\n<br>\n<br>\nWe look forward to seeing many of you for this wonderful moment of sharing.<\/h3>\t\t<\/div>\n\n\t\t\t\t\t\t<\/div>\n\t\t\t\t<\/div>\n\t\t\t\t\t<\/div>\n\t\t<\/div>\n\t\t\t\t\t<\/div>\n\t\t<\/section>\n\t\t\t\t<section class=\"elementor-section elementor-top-section elementor-element elementor-element-1d3e7ea0 elementor-section-boxed elementor-section-height-default elementor-section-height-default\" data-id=\"1d3e7ea0\" data-element_type=\"section\" data-e-type=\"section\" data-settings=\"{&quot;background_background&quot;:&quot;classic&quot;}\">\n\t\t\t\t\t\t<div class=\"elementor-container elementor-column-gap-default\">\n\t\t\t\t\t<div class=\"elementor-column elementor-col-100 elementor-top-column elementor-element elementor-element-512ffbb2\" data-id=\"512ffbb2\" data-element_type=\"column\" data-e-type=\"column\">\n\t\t\t<div class=\"elementor-widget-wrap elementor-element-populated\">\n\t\t\t\t\t\t<div class=\"elementor-element elementor-element-1d3f3dc1 elementor-widget elementor-widget-hub_fancy_heading\" data-id=\"1d3f3dc1\" data-element_type=\"widget\" data-e-type=\"widget\" data-widget_type=\"hub_fancy_heading.default\">\n\t\t\t\t<div class=\"elementor-widget-container\">\n\t\t\t\t\t\n\t\t<div id=\"ld-fancy-heading-69f4c2db01a0f\" class=\"ld-fancy-heading pos-rel\">\n\t\t\t<h2 class=\"ld-fh-element d-inline-block pos-rel  elementor-heading-title lqd-highlight-classic lqd-highlight-grow-left h2\"  > Book your place<\/h2>\t\t<\/div>\n\n\t\t\t\t\t\t<\/div>\n\t\t\t\t<\/div>\n\t\t\t\t<div class=\"elementor-element elementor-element-48423136 elementor-widget elementor-widget-html\" data-id=\"48423136\" data-element_type=\"widget\" data-e-type=\"widget\" data-widget_type=\"html.default\">\n\t\t\t\t<div class=\"elementor-widget-container\">\n\t\t\t\t\t<a title=\"Vente de billets en ligne\" href=\"https:\/\/www.billetweb.fr\/shop.php?event=cinema-en-plein-air15\"  class=\"shop_frame\"  target=\"_blank\"  data-src=\"https:\/\/www.billetweb.fr\/shop.php?event=cinema-en-plein-air15\"  data-max-width=\"100%\"  data-initial-height=\"600\" data-scrolling=\"no\"  data-id=\"cinema-en-plein-air15\"  data-resize=\"1\">Vente de billets en ligne<\/a><script type=\"text\/javascript\" src=\"https:\/\/www.billetweb.fr\/js\/export.js\"><\/script>\t\t\t\t<\/div>\n\t\t\t\t<\/div>\n\t\t\t\t\t<\/div>\n\t\t<\/div>\n\t\t\t\t\t<\/div>\n\t\t<\/section>\n\t\t\t\t<\/div>\n\t\t","protected":false},"excerpt":{"rendered":"<p>Save the DATE 5 july 2024 Open air Cinema &#8211; Barbie Cinema fans? Come and enjoy an open-air cinema evening on July 5th at Ch\u00e2teau Formont in Ambar\u00e8s-et-Lagrave, just 20 minutes from Bordeaux! \ud83c\udfac Starting at 6 PM, you can savor the delights and drinks offered by the food trucks and the ch\u00e2teau bar while [&hellip;]<\/p>\n","protected":false},"author":1,"featured_media":0,"parent":0,"menu_order":0,"comment_status":"closed","ping_status":"closed","template":"","meta":{"footnotes":""},"class_list":["post-14863","page","type-page","status-publish","hentry"],"yoast_head":"<!-- This site is optimized with the Yoast SEO plugin v21.4 - https:\/\/yoast.com\/wordpress\/plugins\/seo\/ -->\n<title>Open air Cinema - Ch\u00e2teau Formont<\/title>\n<meta name=\"robots\" content=\"index, follow, max-snippet:-1, max-image-preview:large, max-video-preview:-1\" \/>\n<link rel=\"canonical\" href=\"https:\/\/chateau-formont.com\/index.php\/open-air-cinema\/\" \/>\n<meta property=\"og:locale\" content=\"fr_FR\" \/>\n<meta property=\"og:type\" content=\"article\" \/>\n<meta property=\"og:title\" content=\"Open air Cinema - Ch\u00e2teau Formont\" \/>\n<meta property=\"og:description\" content=\"Save the DATE 5 july 2024 Open air Cinema &#8211; Barbie Cinema fans? Come and enjoy an open-air cinema evening on July 5th at Ch\u00e2teau Formont in Ambar\u00e8s-et-Lagrave, just 20 minutes from Bordeaux! \ud83c\udfac Starting at 6 PM, you can savor the delights and drinks offered by the food trucks and the ch\u00e2teau bar while [&hellip;]\" \/>\n<meta property=\"og:url\" content=\"https:\/\/chateau-formont.com\/index.php\/open-air-cinema\/\" \/>\n<meta property=\"og:site_name\" content=\"Ch\u00e2teau Formont\" \/>\n<meta property=\"article:modified_time\" content=\"2024-06-07T09:53:26+00:00\" \/>\n<meta name=\"twitter:card\" content=\"summary_large_image\" \/>\n<meta name=\"twitter:label1\" content=\"Dur\u00e9e de lecture estim\u00e9e\" \/>\n\t<meta name=\"twitter:data1\" content=\"1 minute\" \/>\n<script type=\"application\/ld+json\" class=\"yoast-schema-graph\">{\"@context\":\"https:\/\/schema.org\",\"@graph\":[{\"@type\":\"WebPage\",\"@id\":\"https:\/\/chateau-formont.com\/index.php\/open-air-cinema\/\",\"url\":\"https:\/\/chateau-formont.com\/index.php\/open-air-cinema\/\",\"name\":\"Open air Cinema - Ch\u00e2teau Formont\",\"isPartOf\":{\"@id\":\"https:\/\/chateau-formont.com\/#website\"},\"datePublished\":\"2024-06-07T09:49:41+00:00\",\"dateModified\":\"2024-06-07T09:53:26+00:00\",\"breadcrumb\":{\"@id\":\"https:\/\/chateau-formont.com\/index.php\/open-air-cinema\/#breadcrumb\"},\"inLanguage\":\"fr-FR\",\"potentialAction\":[{\"@type\":\"ReadAction\",\"target\":[\"https:\/\/chateau-formont.com\/index.php\/open-air-cinema\/\"]}]},{\"@type\":\"BreadcrumbList\",\"@id\":\"https:\/\/chateau-formont.com\/index.php\/open-air-cinema\/#breadcrumb\",\"itemListElement\":[{\"@type\":\"ListItem\",\"position\":1,\"name\":\"Accueil\",\"item\":\"https:\/\/chateau-formont.com\/\"},{\"@type\":\"ListItem\",\"position\":2,\"name\":\"Open air Cinema\"}]},{\"@type\":\"WebSite\",\"@id\":\"https:\/\/chateau-formont.com\/#website\",\"url\":\"https:\/\/chateau-formont.com\/\",\"name\":\"Ch\u00e2teau Formont\",\"description\":\"Un lieu unique \u00e0 Ambar\u00e8s-et-Lagrave\",\"potentialAction\":[{\"@type\":\"SearchAction\",\"target\":{\"@type\":\"EntryPoint\",\"urlTemplate\":\"https:\/\/chateau-formont.com\/?s={search_term_string}\"},\"query-input\":\"required name=search_term_string\"}],\"inLanguage\":\"fr-FR\"}]}<\/script>\n<!-- \/ Yoast SEO plugin. -->","yoast_head_json":{"title":"Open air Cinema - Ch\u00e2teau Formont","robots":{"index":"index","follow":"follow","max-snippet":"max-snippet:-1","max-image-preview":"max-image-preview:large","max-video-preview":"max-video-preview:-1"},"canonical":"https:\/\/chateau-formont.com\/index.php\/open-air-cinema\/","og_locale":"fr_FR","og_type":"article","og_title":"Open air Cinema - Ch\u00e2teau Formont","og_description":"Save the DATE 5 july 2024 Open air Cinema &#8211; Barbie Cinema fans? Come and enjoy an open-air cinema evening on July 5th at Ch\u00e2teau Formont in Ambar\u00e8s-et-Lagrave, just 20 minutes from Bordeaux! \ud83c\udfac Starting at 6 PM, you can savor the delights and drinks offered by the food trucks and the ch\u00e2teau bar while [&hellip;]","og_url":"https:\/\/chateau-formont.com\/index.php\/open-air-cinema\/","og_site_name":"Ch\u00e2teau Formont","article_modified_time":"2024-06-07T09:53:26+00:00","twitter_card":"summary_large_image","twitter_misc":{"Dur\u00e9e de lecture estim\u00e9e":"1 minute"},"schema":{"@context":"https:\/\/schema.org","@graph":[{"@type":"WebPage","@id":"https:\/\/chateau-formont.com\/index.php\/open-air-cinema\/","url":"https:\/\/chateau-formont.com\/index.php\/open-air-cinema\/","name":"Open air Cinema - Ch\u00e2teau Formont","isPartOf":{"@id":"https:\/\/chateau-formont.com\/#website"},"datePublished":"2024-06-07T09:49:41+00:00","dateModified":"2024-06-07T09:53:26+00:00","breadcrumb":{"@id":"https:\/\/chateau-formont.com\/index.php\/open-air-cinema\/#breadcrumb"},"inLanguage":"fr-FR","potentialAction":[{"@type":"ReadAction","target":["https:\/\/chateau-formont.com\/index.php\/open-air-cinema\/"]}]},{"@type":"BreadcrumbList","@id":"https:\/\/chateau-formont.com\/index.php\/open-air-cinema\/#breadcrumb","itemListElement":[{"@type":"ListItem","position":1,"name":"Accueil","item":"https:\/\/chateau-formont.com\/"},{"@type":"ListItem","position":2,"name":"Open air Cinema"}]},{"@type":"WebSite","@id":"https:\/\/chateau-formont.com\/#website","url":"https:\/\/chateau-formont.com\/","name":"Ch\u00e2teau Formont","description":"Un lieu unique \u00e0 Ambar\u00e8s-et-Lagrave","potentialAction":[{"@type":"SearchAction","target":{"@type":"EntryPoint","urlTemplate":"https:\/\/chateau-formont.com\/?s={search_term_string}"},"query-input":"required name=search_term_string"}],"inLanguage":"fr-FR"}]}},"_links":{"self":[{"href":"https:\/\/chateau-formont.com\/index.php\/wp-json\/wp\/v2\/pages\/14863","targetHints":{"allow":["GET"]}}],"collection":[{"href":"https:\/\/chateau-formont.com\/index.php\/wp-json\/wp\/v2\/pages"}],"about":[{"href":"https:\/\/chateau-formont.com\/index.php\/wp-json\/wp\/v2\/types\/page"}],"author":[{"embeddable":true,"href":"https:\/\/chateau-formont.com\/index.php\/wp-json\/wp\/v2\/users\/1"}],"replies":[{"embeddable":true,"href":"https:\/\/chateau-formont.com\/index.php\/wp-json\/wp\/v2\/comments?post=14863"}],"version-history":[{"count":4,"href":"https:\/\/chateau-formont.com\/index.php\/wp-json\/wp\/v2\/pages\/14863\/revisions"}],"predecessor-version":[{"id":14871,"href":"https:\/\/chateau-formont.com\/index.php\/wp-json\/wp\/v2\/pages\/14863\/revisions\/14871"}],"wp:attachment":[{"href":"https:\/\/chateau-formont.com\/index.php\/wp-json\/wp\/v2\/media?parent=14863"}],"curies":[{"name":"wp","href":"https:\/\/api.w.org\/{rel}","templated":true}]}}