{"id":15613,"date":"2025-10-23T16:22:42","date_gmt":"2025-10-23T14:22:42","guid":{"rendered":"https:\/\/chateau-formont.com\/?page_id=15613"},"modified":"2026-01-05T17:49:31","modified_gmt":"2026-01-05T16:49:31","slug":"agenda-culturel","status":"publish","type":"page","link":"https:\/\/chateau-formont.com\/index.php\/agenda-culturel\/","title":{"rendered":"Agenda culturel"},"content":{"rendered":"\t\t<div data-elementor-type=\"wp-page\" data-elementor-id=\"15613\" class=\"elementor elementor-15613\">\n\t\t\t\t<div data-custom-animations=\"true\" data-ca-options=\"{&quot;addChildTimelines&quot;:false,&quot;animationTarget&quot;:&quot;:scope  &gt; .elementor-element:not(.lqd-exclude-parent-ca) &gt; .elementor-widget-container, :scope  &gt; .elementor-widget-hub_fancy_heading .lqd-split-lines .lqd-lines .split-inner, :scope  &gt; .elementor-widget-hub_fancy_heading .lqd-split-words .lqd-words .split-inner, :scope  &gt; .elementor-widget-hub_fancy_heading .lqd-split-chars .lqd-chars .split-inner, :scope  &gt; .elementor-widget-hub_fancy_heading .lqd-adv-txt-fig, :scope  &gt; .elementor-widget-ld_custom_menu .lqd-fancy-menu &gt; ul &gt; li, :scope .e-con:not([data-parallax]) .elementor-element &gt; .elementor-widget-container, :scope .e-con:not([data-parallax]) .elementor-widget-hub_fancy_heading .lqd-split-lines .lqd-lines .split-inner, :scope .e-con:not([data-parallax]) .elementor-widget-hub_fancy_heading .lqd-split-words .lqd-words .split-inner, :scope .e-con:not([data-parallax]) .elementor-widget-hub_fancy_heading .lqd-split-chars .lqd-chars .split-inner, :scope .e-con:not([data-parallax]) .elementor-widget-ld_custom_menu .lqd-fancy-menu &gt; ul &gt; li&quot;,&quot;duration&quot;:1000,&quot;delay&quot;:100,&quot;ease&quot;:&quot;expo.out&quot;,&quot;initValues&quot;:{&quot;y&quot;:&quot;30px&quot;,&quot;opacity&quot;:0},&quot;animations&quot;:{&quot;y&quot;:&quot;0px&quot;,&quot;opacity&quot;:1}}\" class=\"elementor-element elementor-element-3eb2fdec e-con-full e-flex e-con e-parent\" data-id=\"3eb2fdec\" data-element_type=\"container\" data-e-type=\"container\" data-settings=\"{&quot;background_background&quot;:&quot;classic&quot;}\">\n\t\t<div class=\"elementor-element elementor-element-369fdcd7 e-con-full e-flex e-con e-child\" data-id=\"369fdcd7\" data-element_type=\"container\" data-e-type=\"container\">\n\t\t\t\t<div class=\"elementor-element elementor-element-455b549f elementor-widget elementor-widget-ld_fancy_image\" data-id=\"455b549f\" data-element_type=\"widget\" data-e-type=\"widget\" data-widget_type=\"ld_fancy_image.default\">\n\t\t\t\t<div class=\"elementor-widget-container\">\n\t\t\t\t\t\n\t\t<div class=\"lqd-imggrp-single d-block pos-rel \">\n\t\t\t<div class=\"lqd-imggrp-img-container d-inline-flex pos-rel align-items-center justify-content-center \">\n\t\t\t\t\t\t\t\t<figure class=\"w-100 pos-rel\">\n\t\t\t\t\t<img fetchpriority=\"high\" decoding=\"async\" width=\"3598\" height=\"1177\" src=\"https:\/\/chateau-formont.com\/wp-content\/uploads\/2026\/01\/Agenda-culturel-logo.png\" class=\"attachment-full size-full wp-image-16092\" alt=\"\" srcset=\"https:\/\/chateau-formont.com\/wp-content\/uploads\/2026\/01\/Agenda-culturel-logo.png 3598w, https:\/\/chateau-formont.com\/wp-content\/uploads\/2026\/01\/Agenda-culturel-logo-300x98.png 300w, https:\/\/chateau-formont.com\/wp-content\/uploads\/2026\/01\/Agenda-culturel-logo-1024x335.png 1024w, https:\/\/chateau-formont.com\/wp-content\/uploads\/2026\/01\/Agenda-culturel-logo-1536x502.png 1536w, https:\/\/chateau-formont.com\/wp-content\/uploads\/2026\/01\/Agenda-culturel-logo-2048x670.png 2048w\" sizes=\"(max-width: 3598px) 100vw, 3598px\" itemprop=\"image\" \/>\t\t\t\t\t\t\t\t\t\t\t\t\t\t\t\t\t\t\t\t\t\t\t\t\t\t\t\t\t<\/figure>\n\t\t\t<\/div>\n\t\t<\/div>\n\n\t\t\t\t\t<\/div>\n\t\t\t\t<\/div>\n\t\t\t\t<\/div>\n\t\t\t\t<\/div>\n\t\t<div class=\"elementor-element elementor-element-96b392c e-flex e-con-boxed e-con e-parent\" data-id=\"96b392c\" data-element_type=\"container\" data-e-type=\"container\">\n\t\t\t\t\t<div class=\"e-con-inner\">\n\t\t\t\t<div class=\"elementor-element elementor-element-905acb1 elementor-widget elementor-widget-html\" data-id=\"905acb1\" data-element_type=\"widget\" data-e-type=\"widget\" data-widget_type=\"html.default\">\n\t\t\t\t<div class=\"elementor-widget-container\">\n\t\t\t\t\t<section id=\"osmose-planning\" class=\"osmose-wrap\">\r\n  <style>\r\n    :root{\r\n      --green-ink:#3f653e;\r\n      --bg:#ffffff;\r\n      --muted:#d7d3d1;\r\n    }\r\n\r\n    #osmose-planning{ background:var(--bg); }\r\n    .osmose-wrap{\r\n      max-width:1100px; margin:0 auto; padding:28px 16px;\r\n      font-family:system-ui,-apple-system,Segoe UI,Roboto,Arial,sans-serif;\r\n      color:#111;\r\n    }\r\n\r\n    .grid{\r\n      display:grid;\r\n      grid-template-columns:1fr 1fr;\r\n      gap:36px;\r\n      position:relative;\r\n    }\r\n\r\n    .divider{\r\n      position:absolute; left:50%; top:0; bottom:0;\r\n      width:1px; background:var(--muted);\r\n      transform:translateX(-.5px);\r\n    }\r\n\r\n    .col{ display:flex; flex-direction:column; gap:28px; }\r\n\r\n    .event{ display:flex; align-items:flex-start; gap:14px; line-height:1.15; }\r\n\r\n    .date{\r\n      background:var(--green-ink); color:#fff;\r\n      font-weight:700; font-size:14px;\r\n      padding:8px 12px; border-radius:999px;\r\n      white-space:nowrap;\r\n    }\r\n\r\n    .title-n-tags{ display:flex; flex-direction:column; gap:8px; }\r\n\r\n    .title{\r\n      color:var(--green-ink);\r\n      font-weight:800;\r\n      text-transform:uppercase;\r\n      letter-spacing:.4px;\r\n      font-size:22px;\r\n    }\r\n\r\n    .tags{ display:flex; flex-wrap:wrap; gap:8px; }\r\n\r\n    .tag{\r\n      display:inline-flex; align-items:center; gap:6px;\r\n      padding:6px 10px 6px 8px;\r\n      border-radius:999px;\r\n      font-weight:700;\r\n      font-size:13px;\r\n      background:var(--chip);\r\n      color:var(--ink);\r\n    }\r\n\r\n    .tag .ic{\r\n      width:22px; height:22px;\r\n      border-radius:50%;\r\n      background:var(--ink);\r\n      -webkit-mask: var(--icon) center\/70% no-repeat;\r\n              mask: var(--icon) center\/70% no-repeat;\r\n    }\r\n\r\n    \/* === Cat\u00e9gories === *\/\r\n    .tag[data-variant=\"blue\"]{\r\n      --ink:#2c536b;\r\n      --chip:#7aa4c7;\r\n      --icon:url(\"https:\/\/chateau-formont.com\/wp-content\/uploads\/2025\/11\/noun-sun-80714891.svg\");\r\n    }\r\n\r\n    .tag[data-variant=\"gold\"]{\r\n      --ink:#968536;\r\n      --chip:#d6cda6;\r\n      --icon:url(\"https:\/\/chateau-formont.com\/wp-content\/uploads\/2025\/11\/noun-speaker-9934471.svg\");\r\n    }\r\n\r\n    .tag[data-variant=\"purple\"]{\r\n      --ink:#562a64;\r\n      --chip:#c1a0ca;\r\n      --icon:url(\"https:\/\/chateau-formont.com\/wp-content\/uploads\/2025\/11\/noun-drink-78714071.svg\");\r\n    }\r\n\r\n    .tag[data-variant=\"beige\"]{\r\n      --ink:#795828;\r\n      --chip:#d0b99a;\r\n      --icon:url(\"https:\/\/chateau-formont.com\/wp-content\/uploads\/2025\/11\/noun-family-73530601.svg\");\r\n    }\r\n\r\n    .tag[data-variant=\"fire\"]{\r\n      --ink:#691616;\r\n      --chip:#c99999;\r\n      --icon:url(\"https:\/\/chateau-formont.com\/wp-content\/uploads\/2025\/11\/noun-fireworks-80723321.svg\");\r\n    }\r\n\r\n    @media (max-width:820px){\r\n      .grid{ grid-template-columns:1fr; }\r\n      .divider{ display:none; }\r\n    }\r\n  <\/style>\r\n\r\n  <div class=\"grid\">\r\n    <span class=\"divider\" aria-hidden=\"true\"><\/span>\r\n\r\n<!-- ===== Colonne gauche ===== -->\r\n<div class=\"col\">\r\n\r\n  <div class=\"event\">\r\n    <span class=\"date\">11.05.25<\/span>\r\n    <div class=\"title-n-tags\">\r\n      <div class=\"title\">Open Air La Mol\u00e9cule<\/div>\r\n      <div class=\"tags\">\r\n        <span class=\"tag\" data-variant=\"blue\"><span class=\"ic\"><\/span>en ext\u00e9rieur<\/span>\r\n        <span class=\"tag\" data-variant=\"gold\"><span class=\"ic\"><\/span>musique<\/span>\r\n      <\/div>\r\n    <\/div>\r\n  <\/div>\r\n\r\n  <div class=\"event\">\r\n    <span class=\"date\">09.10.25<\/span>\r\n    <div class=\"title-n-tags\">\r\n      <div class=\"title\">Afterwork Osmose<\/div>\r\n      <div class=\"tags\">\r\n        <span class=\"tag\" data-variant=\"purple\"><span class=\"ic\"><\/span>bar osmose<\/span>\r\n      <\/div>\r\n    <\/div>\r\n  <\/div>\r\n\r\n  <div class=\"event\">\r\n    <span class=\"date\">01.11.25<\/span>\r\n    <div class=\"title-n-tags\">\r\n      <div class=\"title\">Halloween<\/div>\r\n      <div class=\"tags\">\r\n        <span class=\"tag\" data-variant=\"beige\"><span class=\"ic\"><\/span>familial<\/span>\r\n      <\/div>\r\n    <\/div>\r\n  <\/div>\r\n\r\n  <div class=\"event\">\r\n    <span class=\"date\">13.11.25<\/span>\r\n    <div class=\"title-n-tags\">\r\n      <div class=\"title\">Afterwork Osmose<\/div>\r\n      <div class=\"tags\">\r\n        <span class=\"tag\" data-variant=\"purple\"><span class=\"ic\"><\/span>bar osmose<\/span>\r\n      <\/div>\r\n    <\/div>\r\n  <\/div>\r\n\r\n  <div class=\"event\">\r\n    <span class=\"date\">11.12.25<\/span>\r\n    <div class=\"title-n-tags\">\r\n      <div class=\"title\">Afterwork Osmose<\/div>\r\n      <div class=\"tags\">\r\n        <span class=\"tag\" data-variant=\"purple\"><span class=\"ic\"><\/span>bar osmose<\/span>\r\n      <\/div>\r\n    <\/div>\r\n  <\/div>\r\n\r\n  <div class=\"event\">\r\n    <span class=\"date\">20.12.25<\/span>\r\n    <div class=\"title-n-tags\">\r\n      <div class=\"title\">No\u00ebl<\/div>\r\n      <div class=\"tags\">\r\n        <span class=\"tag\" data-variant=\"beige\"><span class=\"ic\"><\/span>familial<\/span>\r\n      <\/div>\r\n    <\/div>\r\n  <\/div>\r\n\r\n  <div class=\"event\">\r\n    <span class=\"date\">31.12.25<\/span>\r\n    <div class=\"title-n-tags\">\r\n      <div class=\"title\">Nouvel An<\/div>\r\n      <div class=\"tags\">\r\n        <span class=\"tag\" data-variant=\"gold\"><span class=\"ic\"><\/span>musique<\/span>\r\n        <span class=\"tag\" data-variant=\"fire\"><span class=\"ic\"><\/span>feu d'artifice<\/span>\r\n      <\/div>\r\n    <\/div>\r\n  <\/div>\r\n\r\n  <div class=\"event\">\r\n    <span class=\"date\">04.04.26<\/span>\r\n    <div class=\"title-n-tags\">\r\n      <div class=\"title\">P\u00e2ques<\/div>\r\n      <div class=\"tags\">\r\n        <span class=\"tag\" data-variant=\"beige\"><span class=\"ic\"><\/span>familial<\/span>\r\n      <\/div>\r\n    <\/div>\r\n  <\/div>\r\n\r\n  <div class=\"event\">\r\n    <span class=\"date\">09.04.26<\/span>\r\n    <div class=\"title-n-tags\">\r\n      <div class=\"title\">Afterwork Osmose<\/div>\r\n      <div class=\"tags\">\r\n        <span class=\"tag\" data-variant=\"purple\"><span class=\"ic\"><\/span>bar osmose<\/span>\r\n      <\/div>\r\n    <\/div>\r\n  <\/div>\r\n\r\n<\/div>\r\n\r\n<!-- ===== Colonne droite ===== -->\r\n<div class=\"col\">\r\n\r\n  <div class=\"event\">\r\n    <span class=\"date\">25.04.26<\/span>\r\n    <div class=\"title-n-tags\">\r\n      <div class=\"title\">Open Air<\/div>\r\n      <div class=\"tags\">\r\n        <span class=\"tag\" data-variant=\"blue\"><span class=\"ic\"><\/span>en ext\u00e9rieur<\/span>\r\n        <span class=\"tag\" data-variant=\"gold\"><span class=\"ic\"><\/span>musique<\/span>\r\n      <\/div>\r\n    <\/div>\r\n  <\/div>\r\n\r\n  <div class=\"event\">\r\n    <span class=\"date\">06.05.26<\/span>\r\n    <div class=\"title-n-tags\">\r\n      <div class=\"title\">Guinguette<\/div>\r\n      <div class=\"tags\">\r\n        <span class=\"tag\" data-variant=\"blue\"><span class=\"ic\"><\/span>en ext\u00e9rieur<\/span>\r\n        <span class=\"tag\" data-variant=\"purple\"><span class=\"ic\"><\/span>bar osmose<\/span>\r\n        <span class=\"tag\" data-variant=\"beige\"><span class=\"ic\"><\/span>familial<\/span>\r\n      <\/div>\r\n    <\/div>\r\n  <\/div>\r\n\r\n  <div class=\"event\">\r\n    <span class=\"date\">14.05.26<\/span>\r\n    <div class=\"title-n-tags\">\r\n      <div class=\"title\">Afterwork Osmose<\/div>\r\n      <div class=\"tags\">\r\n        <span class=\"tag\" data-variant=\"purple\"><span class=\"ic\"><\/span>bar osmose<\/span>\r\n      <\/div>\r\n    <\/div>\r\n  <\/div>\r\n\r\n  <div class=\"event\">\r\n    <span class=\"date\">03.06.26<\/span>\r\n    <div class=\"title-n-tags\">\r\n      <div class=\"title\">Guinguette<\/div>\r\n      <div class=\"tags\">\r\n        <span class=\"tag\" data-variant=\"blue\"><span class=\"ic\"><\/span>en ext\u00e9rieur<\/span>\r\n        <span class=\"tag\" data-variant=\"purple\"><span class=\"ic\"><\/span>bar osmose<\/span>\r\n        <span class=\"tag\" data-variant=\"beige\"><span class=\"ic\"><\/span>familial<\/span>\r\n      <\/div>\r\n    <\/div>\r\n  <\/div>\r\n\r\n  <div class=\"event\">\r\n    <span class=\"date\">11.06.26<\/span>\r\n    <div class=\"title-n-tags\">\r\n      <div class=\"title\">Afterwork Osmose<\/div>\r\n      <div class=\"tags\">\r\n        <span class=\"tag\" data-variant=\"purple\"><span class=\"ic\"><\/span>bar osmose<\/span>\r\n      <\/div>\r\n    <\/div>\r\n  <\/div>\r\n\r\n  <div class=\"event\">\r\n    <span class=\"date\">14.06.26<\/span>\r\n    <div class=\"title-n-tags\">\r\n      <div class=\"title\">Expo Voiture<\/div>\r\n      <div class=\"tags\">\r\n        <span class=\"tag\" data-variant=\"blue\"><span class=\"ic\"><\/span>en ext\u00e9rieur<\/span>\r\n        <span class=\"tag\" data-variant=\"beige\"><span class=\"ic\"><\/span>familial<\/span>\r\n      <\/div>\r\n    <\/div>\r\n  <\/div>\r\n\r\n  <div class=\"event\">\r\n    <span class=\"date\">01.07.26<\/span>\r\n    <div class=\"title-n-tags\">\r\n      <div class=\"title\">Guinguette<\/div>\r\n      <div class=\"tags\">\r\n        <span class=\"tag\" data-variant=\"blue\"><span class=\"ic\"><\/span>en ext\u00e9rieur<\/span>\r\n        <span class=\"tag\" data-variant=\"purple\"><span class=\"ic\"><\/span>bar osmose<\/span>\r\n        <span class=\"tag\" data-variant=\"beige\"><span class=\"ic\"><\/span>familial<\/span>\r\n      <\/div>\r\n    <\/div>\r\n  <\/div>\r\n\r\n  <div class=\"event\">\r\n    <span class=\"date\">11&amp;12.07.26<\/span>\r\n    <div class=\"title-n-tags\">\r\n      <div class=\"title\">Osmose Festival<\/div>\r\n      <div class=\"tags\">\r\n        <span class=\"tag\" data-variant=\"blue\"><span class=\"ic\"><\/span>en ext\u00e9rieur<\/span>\r\n        <span class=\"tag\" data-variant=\"gold\"><span class=\"ic\"><\/span>musique<\/span>\r\n      <\/div>\r\n    <\/div>\r\n  <\/div>\r\n\r\n<\/div>\r\n\t\t\t\t<\/div>\n\t\t\t\t<\/div>\n\t\t\t\t\t<\/div>\n\t\t\t\t<\/div>\n\t\t\t\t<\/div>\n\t\t","protected":false},"excerpt":{"rendered":"<p>11.05.25 Open Air La Mol\u00e9cule en ext\u00e9rieur musique 09.10.25 Afterwork Osmose bar osmose 01.11.25 Halloween familial 13.11.25 Afterwork Osmose bar osmose 11.12.25 Afterwork Osmose bar osmose 20.12.25 No\u00ebl familial 31.12.25 Nouvel An musique feu d&rsquo;artifice 04.04.26 P\u00e2ques familial 09.04.26 Afterwork Osmose bar osmose 25.04.26 Open Air en ext\u00e9rieur musique 06.05.26 Guinguette en ext\u00e9rieur bar osmose [&hellip;]<\/p>\n","protected":false},"author":1,"featured_media":0,"parent":0,"menu_order":0,"comment_status":"closed","ping_status":"closed","template":"","meta":{"footnotes":""},"class_list":["post-15613","page","type-page","status-publish","hentry"],"yoast_head":"<!-- This site is optimized with the Yoast SEO plugin v21.4 - https:\/\/yoast.com\/wordpress\/plugins\/seo\/ -->\n<title>Agenda culturel - Ch\u00e2teau Formont<\/title>\n<meta name=\"robots\" content=\"index, follow, max-snippet:-1, max-image-preview:large, max-video-preview:-1\" \/>\n<link rel=\"canonical\" href=\"https:\/\/chateau-formont.com\/index.php\/agenda-culturel\/\" \/>\n<meta property=\"og:locale\" content=\"fr_FR\" \/>\n<meta property=\"og:type\" content=\"article\" \/>\n<meta property=\"og:title\" content=\"Agenda culturel - Ch\u00e2teau Formont\" \/>\n<meta property=\"og:description\" content=\"11.05.25 Open Air La Mol\u00e9cule en ext\u00e9rieur musique 09.10.25 Afterwork Osmose bar osmose 01.11.25 Halloween familial 13.11.25 Afterwork Osmose bar osmose 11.12.25 Afterwork Osmose bar osmose 20.12.25 No\u00ebl familial 31.12.25 Nouvel An musique feu d&rsquo;artifice 04.04.26 P\u00e2ques familial 09.04.26 Afterwork Osmose bar osmose 25.04.26 Open Air en ext\u00e9rieur musique 06.05.26 Guinguette en ext\u00e9rieur bar osmose [&hellip;]\" \/>\n<meta property=\"og:url\" content=\"https:\/\/chateau-formont.com\/index.php\/agenda-culturel\/\" \/>\n<meta property=\"og:site_name\" content=\"Ch\u00e2teau Formont\" \/>\n<meta property=\"article:modified_time\" content=\"2026-01-05T16:49:31+00:00\" \/>\n<meta property=\"og:image\" content=\"https:\/\/chateau-formont.com\/wp-content\/uploads\/2026\/01\/Agenda-culturel-logo.png\" \/>\n<meta name=\"twitter:card\" content=\"summary_large_image\" \/>\n<meta name=\"twitter:label1\" content=\"Dur\u00e9e de lecture estim\u00e9e\" \/>\n\t<meta name=\"twitter:data1\" content=\"1 minute\" \/>\n<script type=\"application\/ld+json\" class=\"yoast-schema-graph\">{\"@context\":\"https:\/\/schema.org\",\"@graph\":[{\"@type\":\"WebPage\",\"@id\":\"https:\/\/chateau-formont.com\/index.php\/agenda-culturel\/\",\"url\":\"https:\/\/chateau-formont.com\/index.php\/agenda-culturel\/\",\"name\":\"Agenda culturel - Ch\u00e2teau Formont\",\"isPartOf\":{\"@id\":\"https:\/\/chateau-formont.com\/#website\"},\"datePublished\":\"2025-10-23T14:22:42+00:00\",\"dateModified\":\"2026-01-05T16:49:31+00:00\",\"breadcrumb\":{\"@id\":\"https:\/\/chateau-formont.com\/index.php\/agenda-culturel\/#breadcrumb\"},\"inLanguage\":\"fr-FR\",\"potentialAction\":[{\"@type\":\"ReadAction\",\"target\":[\"https:\/\/chateau-formont.com\/index.php\/agenda-culturel\/\"]}]},{\"@type\":\"BreadcrumbList\",\"@id\":\"https:\/\/chateau-formont.com\/index.php\/agenda-culturel\/#breadcrumb\",\"itemListElement\":[{\"@type\":\"ListItem\",\"position\":1,\"name\":\"Accueil\",\"item\":\"https:\/\/chateau-formont.com\/\"},{\"@type\":\"ListItem\",\"position\":2,\"name\":\"Agenda culturel\"}]},{\"@type\":\"WebSite\",\"@id\":\"https:\/\/chateau-formont.com\/#website\",\"url\":\"https:\/\/chateau-formont.com\/\",\"name\":\"Ch\u00e2teau Formont\",\"description\":\"Un lieu unique \u00e0 Ambar\u00e8s-et-Lagrave\",\"potentialAction\":[{\"@type\":\"SearchAction\",\"target\":{\"@type\":\"EntryPoint\",\"urlTemplate\":\"https:\/\/chateau-formont.com\/?s={search_term_string}\"},\"query-input\":\"required name=search_term_string\"}],\"inLanguage\":\"fr-FR\"}]}<\/script>\n<!-- \/ Yoast SEO plugin. -->","yoast_head_json":{"title":"Agenda culturel - Ch\u00e2teau Formont","robots":{"index":"index","follow":"follow","max-snippet":"max-snippet:-1","max-image-preview":"max-image-preview:large","max-video-preview":"max-video-preview:-1"},"canonical":"https:\/\/chateau-formont.com\/index.php\/agenda-culturel\/","og_locale":"fr_FR","og_type":"article","og_title":"Agenda culturel - Ch\u00e2teau Formont","og_description":"11.05.25 Open Air La Mol\u00e9cule en ext\u00e9rieur musique 09.10.25 Afterwork Osmose bar osmose 01.11.25 Halloween familial 13.11.25 Afterwork Osmose bar osmose 11.12.25 Afterwork Osmose bar osmose 20.12.25 No\u00ebl familial 31.12.25 Nouvel An musique feu d&rsquo;artifice 04.04.26 P\u00e2ques familial 09.04.26 Afterwork Osmose bar osmose 25.04.26 Open Air en ext\u00e9rieur musique 06.05.26 Guinguette en ext\u00e9rieur bar osmose [&hellip;]","og_url":"https:\/\/chateau-formont.com\/index.php\/agenda-culturel\/","og_site_name":"Ch\u00e2teau Formont","article_modified_time":"2026-01-05T16:49:31+00:00","og_image":[{"url":"https:\/\/chateau-formont.com\/wp-content\/uploads\/2026\/01\/Agenda-culturel-logo.png"}],"twitter_card":"summary_large_image","twitter_misc":{"Dur\u00e9e de lecture estim\u00e9e":"1 minute"},"schema":{"@context":"https:\/\/schema.org","@graph":[{"@type":"WebPage","@id":"https:\/\/chateau-formont.com\/index.php\/agenda-culturel\/","url":"https:\/\/chateau-formont.com\/index.php\/agenda-culturel\/","name":"Agenda culturel - Ch\u00e2teau Formont","isPartOf":{"@id":"https:\/\/chateau-formont.com\/#website"},"datePublished":"2025-10-23T14:22:42+00:00","dateModified":"2026-01-05T16:49:31+00:00","breadcrumb":{"@id":"https:\/\/chateau-formont.com\/index.php\/agenda-culturel\/#breadcrumb"},"inLanguage":"fr-FR","potentialAction":[{"@type":"ReadAction","target":["https:\/\/chateau-formont.com\/index.php\/agenda-culturel\/"]}]},{"@type":"BreadcrumbList","@id":"https:\/\/chateau-formont.com\/index.php\/agenda-culturel\/#breadcrumb","itemListElement":[{"@type":"ListItem","position":1,"name":"Accueil","item":"https:\/\/chateau-formont.com\/"},{"@type":"ListItem","position":2,"name":"Agenda culturel"}]},{"@type":"WebSite","@id":"https:\/\/chateau-formont.com\/#website","url":"https:\/\/chateau-formont.com\/","name":"Ch\u00e2teau Formont","description":"Un lieu unique \u00e0 Ambar\u00e8s-et-Lagrave","potentialAction":[{"@type":"SearchAction","target":{"@type":"EntryPoint","urlTemplate":"https:\/\/chateau-formont.com\/?s={search_term_string}"},"query-input":"required name=search_term_string"}],"inLanguage":"fr-FR"}]}},"_links":{"self":[{"href":"https:\/\/chateau-formont.com\/index.php\/wp-json\/wp\/v2\/pages\/15613","targetHints":{"allow":["GET"]}}],"collection":[{"href":"https:\/\/chateau-formont.com\/index.php\/wp-json\/wp\/v2\/pages"}],"about":[{"href":"https:\/\/chateau-formont.com\/index.php\/wp-json\/wp\/v2\/types\/page"}],"author":[{"embeddable":true,"href":"https:\/\/chateau-formont.com\/index.php\/wp-json\/wp\/v2\/users\/1"}],"replies":[{"embeddable":true,"href":"https:\/\/chateau-formont.com\/index.php\/wp-json\/wp\/v2\/comments?post=15613"}],"version-history":[{"count":55,"href":"https:\/\/chateau-formont.com\/index.php\/wp-json\/wp\/v2\/pages\/15613\/revisions"}],"predecessor-version":[{"id":16095,"href":"https:\/\/chateau-formont.com\/index.php\/wp-json\/wp\/v2\/pages\/15613\/revisions\/16095"}],"wp:attachment":[{"href":"https:\/\/chateau-formont.com\/index.php\/wp-json\/wp\/v2\/media?parent=15613"}],"curies":[{"name":"wp","href":"https:\/\/api.w.org\/{rel}","templated":true}]}}