{"id":16136,"date":"2026-03-06T09:38:47","date_gmt":"2026-03-06T08:38:47","guid":{"rendered":"https:\/\/chateau-formont.com\/?page_id=16136"},"modified":"2026-03-30T11:04:08","modified_gmt":"2026-03-30T09:04:08","slug":"paques-au-chateau-formont","status":"publish","type":"page","link":"https:\/\/chateau-formont.com\/index.php\/paques-au-chateau-formont\/","title":{"rendered":"P\u00e2ques au Ch\u00e2teau Formont"},"content":{"rendered":"\t\t<div data-elementor-type=\"wp-page\" data-elementor-id=\"16136\" class=\"elementor elementor-16136\">\n\t\t\t\t\t\t<section class=\"elementor-section elementor-top-section elementor-element elementor-element-24c2db4e elementor-section-content-middle elementor-section-boxed elementor-section-height-default elementor-section-height-default\" data-id=\"24c2db4e\" data-element_type=\"section\" data-e-type=\"section\">\n\t\t\t\t\t\t<div class=\"elementor-container elementor-column-gap-default\">\n\t\t\t\t\t<div class=\"elementor-column elementor-col-100 elementor-top-column elementor-element elementor-element-3b7ca8ef\" data-id=\"3b7ca8ef\" data-element_type=\"column\" data-e-type=\"column\">\n\t\t\t<div class=\"elementor-widget-wrap elementor-element-populated\">\n\t\t\t\t\t\t<div class=\"elementor-element elementor-element-ac8e5ab elementor-widget elementor-widget-image\" data-id=\"ac8e5ab\" data-element_type=\"widget\" data-e-type=\"widget\" data-widget_type=\"image.default\">\n\t\t\t\t<div class=\"elementor-widget-container\">\n\t\t\t\t\t\t\t\t\t\t\t\t\t\t\t<img fetchpriority=\"high\" decoding=\"async\" width=\"769\" height=\"1024\" src=\"https:\/\/chateau-formont.com\/wp-content\/uploads\/2026\/03\/post-paques-769x1024.png\" class=\"attachment-large size-large wp-image-16156\" alt=\"P\u00e2ques au ch\u00e2teau formont journ\u00e9e enfant chasse aux oeufs ateliers cr\u00e9atifs poney\" srcset=\"https:\/\/chateau-formont.com\/wp-content\/uploads\/2026\/03\/post-paques-769x1024.png 769w, https:\/\/chateau-formont.com\/wp-content\/uploads\/2026\/03\/post-paques-225x300.png 225w, https:\/\/chateau-formont.com\/wp-content\/uploads\/2026\/03\/post-paques-1153x1536.png 1153w, https:\/\/chateau-formont.com\/wp-content\/uploads\/2026\/03\/post-paques-1537x2048.png 1537w, https:\/\/chateau-formont.com\/wp-content\/uploads\/2026\/03\/post-paques.png 1656w\" sizes=\"(max-width: 769px) 100vw, 769px\" \/>\t\t\t\t\t\t\t\t\t\t\t\t\t\t\t<\/div>\n\t\t\t\t<\/div>\n\t\t\t\t\t<\/div>\n\t\t<\/div>\n\t\t\t\t\t<\/div>\n\t\t<\/section>\n\t\t\t\t<section class=\"elementor-section elementor-top-section elementor-element elementor-element-5c3404f4 elementor-section-boxed elementor-section-height-default elementor-section-height-default\" data-id=\"5c3404f4\" data-element_type=\"section\" data-e-type=\"section\">\n\t\t\t\t\t\t<div class=\"elementor-container elementor-column-gap-wider\">\n\t\t\t\t\t<div class=\"elementor-column elementor-col-100 elementor-top-column elementor-element elementor-element-5ae4a08a\" data-id=\"5ae4a08a\" data-element_type=\"column\" data-e-type=\"column\">\n\t\t\t<div class=\"elementor-widget-wrap elementor-element-populated\">\n\t\t\t\t\t\t<div class=\"elementor-element elementor-element-53af8150 elementor-widget elementor-widget-hub_fancy_heading\" data-id=\"53af8150\" data-element_type=\"widget\" data-e-type=\"widget\" data-widget_type=\"hub_fancy_heading.default\">\n\t\t\t\t<div class=\"elementor-widget-container\">\n\t\t\t\t\t\n\t\t<div id=\"ld-fancy-heading-69f204ebc33fb\" class=\"ld-fancy-heading pos-rel\">\n\t\t\t<h2 class=\"ld-fh-element d-inline-block pos-rel  elementor-heading-title lqd-highlight-classic lqd-highlight-grow-left h2\"  > Programme de P\u00e2ques<\/h2>\t\t<\/div>\n\n\t\t\t\t\t\t<\/div>\n\t\t\t\t<\/div>\n\t\t\t\t\t<\/div>\n\t\t<\/div>\n\t\t\t\t<div class=\"elementor-column elementor-col-100 elementor-top-column elementor-element elementor-element-2b8f1a33\" data-id=\"2b8f1a33\" data-element_type=\"column\" data-e-type=\"column\">\n\t\t\t<div class=\"elementor-widget-wrap elementor-element-populated\">\n\t\t\t\t\t\t<div class=\"elementor-element elementor-element-3ee14c57 elementor-widget elementor-widget-ld_team_member\" data-id=\"3ee14c57\" data-element_type=\"widget\" data-e-type=\"widget\" data-widget_type=\"ld_team_member.default\">\n\t\t\t\t<div class=\"elementor-widget-container\">\n\t\t\t\t\t\n\t\t<div class=\"lqd-tm pos-rel lqd-tm-style-1\" data-inview=\"true\">\n\n\t\t\t\t\t\t\t\t<div class=\"lqd-tm-img\">\n\t\t\t\t\t\t<figure>\n\t\t\t\t\t\t\t<img decoding=\"async\" width=\"3360\" height=\"4000\" src=\"https:\/\/chateau-formont.com\/wp-content\/uploads\/2026\/03\/pexels-eren-li-7168859-e1772787949867.jpg\" class=\"w-100\" alt=\"La chasse aux oeufs\" srcset=\"https:\/\/chateau-formont.com\/wp-content\/uploads\/2026\/03\/pexels-eren-li-7168859-e1772787949867.jpg 3360w, https:\/\/chateau-formont.com\/wp-content\/uploads\/2026\/03\/pexels-eren-li-7168859-e1772787949867-252x300.jpg 252w, https:\/\/chateau-formont.com\/wp-content\/uploads\/2026\/03\/pexels-eren-li-7168859-e1772787949867-860x1024.jpg 860w, https:\/\/chateau-formont.com\/wp-content\/uploads\/2026\/03\/pexels-eren-li-7168859-e1772787949867-768x914.jpg 768w, https:\/\/chateau-formont.com\/wp-content\/uploads\/2026\/03\/pexels-eren-li-7168859-e1772787949867-1290x1536.jpg 1290w, https:\/\/chateau-formont.com\/wp-content\/uploads\/2026\/03\/pexels-eren-li-7168859-e1772787949867-1720x2048.jpg 1720w\" sizes=\"(max-width: 3360px) 100vw, 3360px\" itemprop=\"image\" \/>\t\t\t\t\t\t<\/figure>\n\t\t\t\t\t<\/div>\n\n\t\t\t\t\t<div\n\t\t\t\t\t\tclass=\"lqd-tm-details ps-6 pe-6 pt-4 pb-4\"\n\t\t\t\t\t\tdata-custom-animations=\"true\"\n\t\t\t\t\t\tdata-ca-options='{ \"triggerHandler\": \"inview\", \"animationTarget\": \"h3,h6\", \"duration\": 1200, \"delay\": 120,  \"startDelay\": 350, \"direction\": \"backward\", \"initValues\": { \"translateY\": -30, \"opacity\": 0 }, \"animations\": { \"translateY\": 0, \"opacity\": 1 } }'\n\t\t\t\t\t>\n\t\t\t\t\t\t<div class=\"lqd-tm-bg lqd-overlay\" data-reveal=\"true\" data-reveal-options='{ \"direction\": \"tb\", \"bgcolor\": \"#fff\", \"duration\": 700, \"coverArea\": 100 }'><\/div>\n\t\t\t\t\t\t<h3 class=\"mt-0 mb-2\">La chasse aux oeufs<\/h3>\n\t\t\t\t\t\t<h6 class=\"mt-0 mb-0 font-weight-normal\">D\u00e8s 2 ans<\/h6>\n\t\t\t\t\t\t\t\t\t\t\t\t\t<a href=\"https:\/\/www.billetweb.fr\/paques-au-chateau-formont\" target=\"_blank\" rel=\"nofollow\" class=\"lqd-overlay\"><\/a>\n\t\t\t\t\t\t\t\t\t\t\t<\/div>\n\t\t\t\t\t\t\t\t\t\t\t<a href=\"https:\/\/www.billetweb.fr\/paques-au-chateau-formont\" target=\"_blank\" rel=\"nofollow\" class=\"lqd-overlay\"><\/a>\n\t\t\t\t\t\t\t\t\t\n\t\t<\/div>\n\n\t\t\t\t\t\t<\/div>\n\t\t\t\t<\/div>\n\t\t\t\t\t<\/div>\n\t\t<\/div>\n\t\t\t\t<div class=\"elementor-column elementor-col-100 elementor-top-column elementor-element elementor-element-262c5cb5\" data-id=\"262c5cb5\" data-element_type=\"column\" data-e-type=\"column\">\n\t\t\t<div class=\"elementor-widget-wrap elementor-element-populated\">\n\t\t\t\t\t\t<div class=\"elementor-element elementor-element-23bcf1f7 elementor-widget elementor-widget-ld_team_member\" data-id=\"23bcf1f7\" data-element_type=\"widget\" data-e-type=\"widget\" data-widget_type=\"ld_team_member.default\">\n\t\t\t\t<div class=\"elementor-widget-container\">\n\t\t\t\t\t\n\t\t<div class=\"lqd-tm pos-rel lqd-tm-style-1\" data-inview=\"true\">\n\n\t\t\t\t\t\t\t\t<div class=\"lqd-tm-img\">\n\t\t\t\t\t\t<figure>\n\t\t\t\t\t\t\t<img decoding=\"async\" width=\"2533\" height=\"3147\" src=\"data:image\/svg+xml;charset=utf-8,%3Csvg xmlns%3D&#039;http%3A%2F%2Fwww.w3.org%2F2000%2Fsvg&#039; viewBox%3D&#039;0 0 2533 3147&#039;%2F%3E\" class=\"w-100 ld-lazyload\" alt=\"Les Ateliers cr\u00e9atifs\" itemprop=\"image\" data-src=\"https:\/\/chateau-formont.com\/wp-content\/uploads\/2026\/03\/creative-flat-lay-gardening-concept-e1772788753301.jpg\" data-srcset=\"https:\/\/chateau-formont.com\/wp-content\/uploads\/2026\/03\/creative-flat-lay-gardening-concept-e1772788753301.jpg 2533w, https:\/\/chateau-formont.com\/wp-content\/uploads\/2026\/03\/creative-flat-lay-gardening-concept-e1772788753301-241x300.jpg 241w, https:\/\/chateau-formont.com\/wp-content\/uploads\/2026\/03\/creative-flat-lay-gardening-concept-e1772788753301-824x1024.jpg 824w, https:\/\/chateau-formont.com\/wp-content\/uploads\/2026\/03\/creative-flat-lay-gardening-concept-e1772788753301-768x954.jpg 768w, https:\/\/chateau-formont.com\/wp-content\/uploads\/2026\/03\/creative-flat-lay-gardening-concept-e1772788753301-1236x1536.jpg 1236w, https:\/\/chateau-formont.com\/wp-content\/uploads\/2026\/03\/creative-flat-lay-gardening-concept-e1772788753301-1648x2048.jpg 1648w\" data-sizes=\"(max-width: 2533px) 100vw, 2533px\" data-aspect=\"0.80489354941214\" \/>\t\t\t\t\t\t<\/figure>\n\t\t\t\t\t<\/div>\n\n\t\t\t\t\t<div\n\t\t\t\t\t\tclass=\"lqd-tm-details ps-6 pe-6 pt-4 pb-4\"\n\t\t\t\t\t\tdata-custom-animations=\"true\"\n\t\t\t\t\t\tdata-ca-options='{ \"triggerHandler\": \"inview\", \"animationTarget\": \"h3,h6\", \"duration\": 1200, \"delay\": 120,  \"startDelay\": 350, \"direction\": \"backward\", \"initValues\": { \"translateY\": -30, \"opacity\": 0 }, \"animations\": { \"translateY\": 0, \"opacity\": 1 } }'\n\t\t\t\t\t>\n\t\t\t\t\t\t<div class=\"lqd-tm-bg lqd-overlay\" data-reveal=\"true\" data-reveal-options='{ \"direction\": \"tb\", \"bgcolor\": \"#fff\", \"duration\": 700, \"coverArea\": 100 }'><\/div>\n\t\t\t\t\t\t<h3 class=\"mt-0 mb-2\">Les Ateliers cr\u00e9atifs<\/h3>\n\t\t\t\t\t\t<h6 class=\"mt-0 mb-0 font-weight-normal\">D\u00e8s 4 ans<\/h6>\n\t\t\t\t\t\t\t\t\t\t\t<\/div>\n\t\t\t\t\t\t\t\t\t\n\t\t<\/div>\n\n\t\t\t\t\t\t<\/div>\n\t\t\t\t<\/div>\n\t\t\t\t\t<\/div>\n\t\t<\/div>\n\t\t\t\t<div class=\"elementor-column elementor-col-100 elementor-top-column elementor-element elementor-element-546f0fc3\" data-id=\"546f0fc3\" data-element_type=\"column\" data-e-type=\"column\">\n\t\t\t<div class=\"elementor-widget-wrap elementor-element-populated\">\n\t\t\t\t\t\t<div class=\"elementor-element elementor-element-3f567019 elementor-widget elementor-widget-ld_team_member\" data-id=\"3f567019\" data-element_type=\"widget\" data-e-type=\"widget\" data-widget_type=\"ld_team_member.default\">\n\t\t\t\t<div class=\"elementor-widget-container\">\n\t\t\t\t\t\n\t\t<div class=\"lqd-tm pos-rel lqd-tm-style-1\" data-inview=\"true\">\n\n\t\t\t\t\t\t\t\t<div class=\"lqd-tm-img\">\n\t\t\t\t\t\t<figure>\n\t\t\t\t\t\t\t<img loading=\"lazy\" decoding=\"async\" width=\"2000\" height=\"2500\" src=\"data:image\/svg+xml;charset=utf-8,%3Csvg xmlns%3D&#039;http%3A%2F%2Fwww.w3.org%2F2000%2Fsvg&#039; viewBox%3D&#039;0 0 2000 2500&#039;%2F%3E\" class=\"w-100 ld-lazyload\" alt=\"Les balades en poney\" itemprop=\"image\" data-src=\"https:\/\/chateau-formont.com\/wp-content\/uploads\/2026\/03\/2.png\" data-srcset=\"https:\/\/chateau-formont.com\/wp-content\/uploads\/2026\/03\/2.png 2000w, https:\/\/chateau-formont.com\/wp-content\/uploads\/2026\/03\/2-240x300.png 240w, https:\/\/chateau-formont.com\/wp-content\/uploads\/2026\/03\/2-819x1024.png 819w\" data-sizes=\"(max-width: 2000px) 100vw, 2000px\" data-aspect=\"0.8\" \/>\t\t\t\t\t\t<\/figure>\n\t\t\t\t\t<\/div>\n\n\t\t\t\t\t<div\n\t\t\t\t\t\tclass=\"lqd-tm-details ps-6 pe-6 pt-4 pb-4\"\n\t\t\t\t\t\tdata-custom-animations=\"true\"\n\t\t\t\t\t\tdata-ca-options='{ \"triggerHandler\": \"inview\", \"animationTarget\": \"h3,h6\", \"duration\": 1200, \"delay\": 120,  \"startDelay\": 350, \"direction\": \"backward\", \"initValues\": { \"translateY\": -30, \"opacity\": 0 }, \"animations\": { \"translateY\": 0, \"opacity\": 1 } }'\n\t\t\t\t\t>\n\t\t\t\t\t\t<div class=\"lqd-tm-bg lqd-overlay\" data-reveal=\"true\" data-reveal-options='{ \"direction\": \"tb\", \"bgcolor\": \"#fff\", \"duration\": 700, \"coverArea\": 100 }'><\/div>\n\t\t\t\t\t\t<h3 class=\"mt-0 mb-2\">Les balades en poney<\/h3>\n\t\t\t\t\t\t<h6 class=\"mt-0 mb-0 font-weight-normal\">D\u00e8s 2 ans<\/h6>\n\t\t\t\t\t\t\t\t\t\t\t<\/div>\n\t\t\t\t\t\t\t\t\t\n\t\t<\/div>\n\n\t\t\t\t\t\t<\/div>\n\t\t\t\t<\/div>\n\t\t\t\t\t<\/div>\n\t\t<\/div>\n\t\t\t\t\t<\/div>\n\t\t<\/section>\n\t\t\t\t<section class=\"elementor-section elementor-top-section elementor-element elementor-element-50574331 elementor-section-content-middle elementor-section-boxed elementor-section-height-default elementor-section-height-default\" data-id=\"50574331\" data-element_type=\"section\" data-e-type=\"section\">\n\t\t\t\t\t\t<div class=\"elementor-container elementor-column-gap-default\">\n\t\t\t\t\t<div class=\"lqd-css-sticky-column elementor-column elementor-col-50 elementor-top-column elementor-element elementor-element-701d1f80\" style=\"--lqd-sticky-offset:30px\" data-id=\"701d1f80\" data-element_type=\"column\" data-e-type=\"column\">\n\t\t\t<div class=\"elementor-widget-wrap elementor-element-populated\">\n\t\t\t\t\t\t<div class=\"elementor-element elementor-element-2e427408 elementor-widget elementor-widget-hub_fancy_heading\" data-id=\"2e427408\" data-element_type=\"widget\" data-e-type=\"widget\" data-widget_type=\"hub_fancy_heading.default\">\n\t\t\t\t<div class=\"elementor-widget-container\">\n\t\t\t\t\t\n\t\t<div id=\"ld-fancy-heading-69f204ebef4c4\" class=\"ld-fancy-heading pos-rel\">\n\t\t\t<h2 class=\"ld-fh-element d-inline-block pos-rel  elementor-heading-title lqd-highlight-classic lqd-highlight-grow-left lqd-highlight-reset-onhover h2\"  > Vivez P\u00e2ques en famille au ch\u00e2teau Formont<\/h2>\t\t<\/div>\n\n\t\t\t\t\t\t<\/div>\n\t\t\t\t<\/div>\n\t\t\t\t<div class=\"elementor-element elementor-element-7a26e5b1 elementor-widget elementor-widget-hub_fancy_heading\" data-id=\"7a26e5b1\" data-element_type=\"widget\" data-e-type=\"widget\" data-widget_type=\"hub_fancy_heading.default\">\n\t\t\t\t<div class=\"elementor-widget-container\">\n\t\t\t\t\t\n\t\t<div id=\"ld-fancy-heading-69f204ebefa55\" class=\"ld-fancy-heading pos-rel\">\n\t\t\t<p class=\"ld-fh-element d-inline-block pos-rel  lqd-highlight-classic lqd-highlight-grow-left p\"  > De 14h \u00e0 18h, venez profitez du d\u00e9cor grandeur nature du ch\u00e2teau Formont. \nL'entr\u00e9e est gratuite dans le ch\u00e2teau et le bar sera ouvert tout l'apr\u00e8s-midi. Les activit\u00e9s propos\u00e9es sont payantes avec une billetterie sur place. Les ateliers cr\u00e9atifs peuvent \u00eatre r\u00e9serv\u00e9s en avance, en ligne. <\/p>\t\t<\/div>\n\n\t\t\t\t\t\t<\/div>\n\t\t\t\t<\/div>\n\t\t\t\t\t<\/div>\n\t\t<\/div>\n\t\t\t\t<div class=\"elementor-column elementor-col-50 elementor-top-column elementor-element elementor-element-4cb057ae\" data-id=\"4cb057ae\" data-element_type=\"column\" data-e-type=\"column\">\n\t\t\t<div class=\"elementor-widget-wrap elementor-element-populated\">\n\t\t\t\t\t\t<section class=\"elementor-section elementor-inner-section elementor-element elementor-element-2971e57b elementor-section-content-middle elementor-section-boxed elementor-section-height-default elementor-section-height-default\" data-id=\"2971e57b\" data-element_type=\"section\" data-e-type=\"section\">\n\t\t\t\t\t\t<div class=\"elementor-container elementor-column-gap-wide\">\n\t\t\t\t\t<div class=\"elementor-column elementor-col-50 elementor-inner-column elementor-element elementor-element-55fa3c95\" data-id=\"55fa3c95\" data-element_type=\"column\" data-e-type=\"column\">\n\t\t\t<div class=\"elementor-widget-wrap elementor-element-populated\">\n\t\t\t\t\t\t<div class=\"elementor-element elementor-element-559b719d elementor-align-left elementor-widget elementor-widget-ld_icon_box\" data-id=\"559b719d\" data-element_type=\"widget\" data-e-type=\"widget\" data-widget_type=\"ld_icon_box.default\">\n\t\t\t\t<div class=\"elementor-widget-container\">\n\t\t\t\t\t\n\t\t\t<div id=\"ld_icon_box_559b719d\" class=\"iconbox d-flex flex-grow-1 pos-rel flex-column iconbox-default iconbox-contents-show-onhover\"   data-slideelement-onhover=\"true\" data-slideelement-options='{ \"visibleElement\": \".iconbox-icon-wrap, p, h3\", \"hiddenElement\": \".btn\", \"alignMid\": true, \"triggerElement\": \".elementor-widget-container\" }'>\n\n\t\t\t\t\n\t\t\t\t<div class=\"iconbox-icon-wrap  \"><div class=\"iconbox-icon-container d-inline-flex   \"><img decoding=\"async\" src=\"https:\/\/chateau-formont.com\/wp-content\/uploads\/2026\/03\/Capture-decran-2026-03-06-102311.png\" class=\"lqd-image-icon\" alt=\"Chasse aux oeufs\" \/><\/div><\/div>\n\t\t\t\t<h3 class=\"lqd-iconbox-heading \" >Chasse aux oeufs <\/h3>\n\t\t\t\t<div class=\"contents \">\n\t\t\t\t\n\t\t\t\t\t\t\t\t<p>De 14h \u00e0 18h  <br> Les plus petits et les plus grands pourront profiter du parc du ch\u00e2teau pour partir \u00e0 la recherche des oeufs et gagner une surprise. Parcours adapt\u00e9s aux diff\u00e9rents \u00e2ges. <br> 3\u20ac\/enfant. Billetterie sur place. <\/p>\n\t\t\t\t\n\t\t\t\t<\/div>\n\t\t\t\t\n\t\t\t<\/div>\n\n\t\t\t\t\t\t<\/div>\n\t\t\t\t<\/div>\n\t\t\t\t<div class=\"elementor-element elementor-element-39c06935 elementor-align-left elementor-widget elementor-widget-ld_icon_box\" data-id=\"39c06935\" data-element_type=\"widget\" data-e-type=\"widget\" data-widget_type=\"ld_icon_box.default\">\n\t\t\t\t<div class=\"elementor-widget-container\">\n\t\t\t\t\t\n\t\t\t<div id=\"ld_icon_box_39c06935\" class=\"iconbox d-flex flex-grow-1 pos-rel flex-column iconbox-default iconbox-contents-show-onhover\"   data-slideelement-onhover=\"true\" data-slideelement-options='{ \"visibleElement\": \".iconbox-icon-wrap, p, h3\", \"hiddenElement\": \".btn\", \"alignMid\": true, \"triggerElement\": \".elementor-widget-container\" }'>\n\n\t\t\t\t\n\t\t\t\t<div class=\"iconbox-icon-wrap  \"><div class=\"iconbox-icon-container d-inline-flex   \"><img decoding=\"async\" src=\"https:\/\/chateau-formont.com\/wp-content\/uploads\/2026\/03\/Capture-decran-2026-03-06-102354.png\" class=\"lqd-image-icon\" alt=\"Balade en Poney\" \/><\/div><\/div>\n\t\t\t\t<h3 class=\"lqd-iconbox-heading \" >Balade en Poney <\/h3>\n\t\t\t\t<div class=\"contents \">\n\t\t\t\t\n\t\t\t\t\t\t\t\t<p>De 15h \u00e0 17h <br>Balade d\u00e9couverte en poney dans le parc du ch\u00e2teau, tour d'environ 10 minutes avec temps de pr\u00e9paration et d'\u00e9quipement, 8\u20ac\/enfants. Billetterie sur place. <br><\/p>\n\t\t\t\t\n\t\t\t\t<\/div>\n\t\t\t\t\n\t\t\t<\/div>\n\n\t\t\t\t\t\t<\/div>\n\t\t\t\t<\/div>\n\t\t\t\t\t<\/div>\n\t\t<\/div>\n\t\t\t\t<div class=\"elementor-column elementor-col-50 elementor-inner-column elementor-element elementor-element-3283cf5a\" data-id=\"3283cf5a\" data-element_type=\"column\" data-e-type=\"column\">\n\t\t\t<div class=\"elementor-widget-wrap elementor-element-populated\">\n\t\t\t\t\t\t<div class=\"elementor-element elementor-element-2560209f elementor-align-left elementor-widget elementor-widget-ld_icon_box\" data-id=\"2560209f\" data-element_type=\"widget\" data-e-type=\"widget\" data-widget_type=\"ld_icon_box.default\">\n\t\t\t\t<div class=\"elementor-widget-container\">\n\t\t\t\t\t\n\t\t\t<div id=\"ld_icon_box_2560209f\" class=\"iconbox d-flex flex-grow-1 pos-rel flex-column iconbox-default\"   >\n\n\t\t\t\t\n\t\t\t\t<div class=\"iconbox-icon-wrap  \"><div class=\"iconbox-icon-container d-inline-flex   \"><img decoding=\"async\" src=\"https:\/\/chateau-formont.com\/wp-content\/uploads\/2026\/03\/Capture-decran-2026-03-06-102335.png\" class=\"lqd-image-icon\" alt=\"Atelier cr\u00e9atif\" \/><\/div><\/div>\n\t\t\t\t\n\t\t\t\t<div class=\"contents \">\n\t\t\t\t\n\t\t\t\t<h3 class=\"lqd-iconbox-heading \" >Atelier cr\u00e9atif <\/h3>\t\t\t\t<p>A 15h et 16h - Places limit\u00e9es sur r\u00e9servation. <br> Atelier cr\u00e9atif de peinture sur petits pots de fleurs (2 par enfants), puis mini atelier jardinage afin de remplir les pots de terre et planter des graines. Le mat\u00e9riel est fournis. <br> 6 \u20ac\/ enfant<\/p>\n\t\t\t\t\t\t\t\t<a href=\"https:\/\/www.billetweb.fr\/paques-au-chateau-formont\" target=\"_blank\" rel=\"nofollow\" class=\"elementor-button btn ws-nowrap btn-solid btn-icon-shaped btn-has-label\" >\n\t\t\t\t\t\t\t\t\t\t\t<span class=\"btn-txt\"  data-text=\"R\u00e9server\" >R\u00e9server<\/span>\n\t\t\t\t\t\t\t\t\t\t\t\t\t\t<\/a>\n\n\t\t\t\t\n\t\t\t\t<\/div>\n\t\t\t\t\n\t\t\t<\/div>\n\n\t\t\t\t\t\t<\/div>\n\t\t\t\t<\/div>\n\t\t\t\t\t<\/div>\n\t\t<\/div>\n\t\t\t\t\t<\/div>\n\t\t<\/section>\n\t\t\t\t\t<\/div>\n\t\t<\/div>\n\t\t\t\t\t<\/div>\n\t\t<\/section>\n\t\t\t\t<\/div>\n\t\t","protected":false},"excerpt":{"rendered":"<p>Programme de P\u00e2ques La chasse aux oeufs D\u00e8s 2 ans Les Ateliers cr\u00e9atifs D\u00e8s 4 ans Les balades en poney D\u00e8s 2 ans Vivez P\u00e2ques en famille au ch\u00e2teau Formont De 14h \u00e0 18h, venez profitez du d\u00e9cor grandeur nature du ch\u00e2teau Formont. L&rsquo;entr\u00e9e est gratuite dans le ch\u00e2teau et le bar sera ouvert tout [&hellip;]<\/p>\n","protected":false},"author":1,"featured_media":0,"parent":0,"menu_order":0,"comment_status":"closed","ping_status":"closed","template":"","meta":{"footnotes":""},"class_list":["post-16136","page","type-page","status-publish","hentry"],"yoast_head":"<!-- This site is optimized with the Yoast SEO plugin v21.4 - https:\/\/yoast.com\/wordpress\/plugins\/seo\/ -->\n<title>P\u00e2ques au Ch\u00e2teau Formont - Ch\u00e2teau Formont<\/title>\n<meta name=\"robots\" content=\"index, follow, max-snippet:-1, max-image-preview:large, max-video-preview:-1\" \/>\n<link rel=\"canonical\" href=\"https:\/\/chateau-formont.com\/index.php\/paques-au-chateau-formont\/\" \/>\n<meta property=\"og:locale\" content=\"fr_FR\" \/>\n<meta property=\"og:type\" content=\"article\" \/>\n<meta property=\"og:title\" content=\"P\u00e2ques au Ch\u00e2teau Formont - Ch\u00e2teau Formont\" \/>\n<meta property=\"og:description\" content=\"Programme de P\u00e2ques La chasse aux oeufs D\u00e8s 2 ans Les Ateliers cr\u00e9atifs D\u00e8s 4 ans Les balades en poney D\u00e8s 2 ans Vivez P\u00e2ques en famille au ch\u00e2teau Formont De 14h \u00e0 18h, venez profitez du d\u00e9cor grandeur nature du ch\u00e2teau Formont. L&rsquo;entr\u00e9e est gratuite dans le ch\u00e2teau et le bar sera ouvert tout [&hellip;]\" \/>\n<meta property=\"og:url\" content=\"https:\/\/chateau-formont.com\/index.php\/paques-au-chateau-formont\/\" \/>\n<meta property=\"og:site_name\" content=\"Ch\u00e2teau Formont\" \/>\n<meta property=\"article:modified_time\" content=\"2026-03-30T09:04:08+00:00\" \/>\n<meta property=\"og:image\" content=\"https:\/\/chateau-formont.com\/wp-content\/uploads\/2026\/03\/post-paques-769x1024.png\" \/>\n<meta name=\"twitter:card\" content=\"summary_large_image\" \/>\n<meta name=\"twitter:label1\" content=\"Dur\u00e9e de lecture estim\u00e9e\" \/>\n\t<meta name=\"twitter:data1\" content=\"3 minutes\" \/>\n<script type=\"application\/ld+json\" class=\"yoast-schema-graph\">{\"@context\":\"https:\/\/schema.org\",\"@graph\":[{\"@type\":\"WebPage\",\"@id\":\"https:\/\/chateau-formont.com\/index.php\/paques-au-chateau-formont\/\",\"url\":\"https:\/\/chateau-formont.com\/index.php\/paques-au-chateau-formont\/\",\"name\":\"P\u00e2ques au Ch\u00e2teau Formont - Ch\u00e2teau Formont\",\"isPartOf\":{\"@id\":\"https:\/\/chateau-formont.com\/#website\"},\"datePublished\":\"2026-03-06T08:38:47+00:00\",\"dateModified\":\"2026-03-30T09:04:08+00:00\",\"breadcrumb\":{\"@id\":\"https:\/\/chateau-formont.com\/index.php\/paques-au-chateau-formont\/#breadcrumb\"},\"inLanguage\":\"fr-FR\",\"potentialAction\":[{\"@type\":\"ReadAction\",\"target\":[\"https:\/\/chateau-formont.com\/index.php\/paques-au-chateau-formont\/\"]}]},{\"@type\":\"BreadcrumbList\",\"@id\":\"https:\/\/chateau-formont.com\/index.php\/paques-au-chateau-formont\/#breadcrumb\",\"itemListElement\":[{\"@type\":\"ListItem\",\"position\":1,\"name\":\"Accueil\",\"item\":\"https:\/\/chateau-formont.com\/\"},{\"@type\":\"ListItem\",\"position\":2,\"name\":\"P\u00e2ques au Ch\u00e2teau Formont\"}]},{\"@type\":\"WebSite\",\"@id\":\"https:\/\/chateau-formont.com\/#website\",\"url\":\"https:\/\/chateau-formont.com\/\",\"name\":\"Ch\u00e2teau Formont\",\"description\":\"Un lieu unique \u00e0 Ambar\u00e8s-et-Lagrave\",\"potentialAction\":[{\"@type\":\"SearchAction\",\"target\":{\"@type\":\"EntryPoint\",\"urlTemplate\":\"https:\/\/chateau-formont.com\/?s={search_term_string}\"},\"query-input\":\"required name=search_term_string\"}],\"inLanguage\":\"fr-FR\"}]}<\/script>\n<!-- \/ Yoast SEO plugin. -->","yoast_head_json":{"title":"P\u00e2ques au Ch\u00e2teau Formont - Ch\u00e2teau Formont","robots":{"index":"index","follow":"follow","max-snippet":"max-snippet:-1","max-image-preview":"max-image-preview:large","max-video-preview":"max-video-preview:-1"},"canonical":"https:\/\/chateau-formont.com\/index.php\/paques-au-chateau-formont\/","og_locale":"fr_FR","og_type":"article","og_title":"P\u00e2ques au Ch\u00e2teau Formont - Ch\u00e2teau Formont","og_description":"Programme de P\u00e2ques La chasse aux oeufs D\u00e8s 2 ans Les Ateliers cr\u00e9atifs D\u00e8s 4 ans Les balades en poney D\u00e8s 2 ans Vivez P\u00e2ques en famille au ch\u00e2teau Formont De 14h \u00e0 18h, venez profitez du d\u00e9cor grandeur nature du ch\u00e2teau Formont. L&rsquo;entr\u00e9e est gratuite dans le ch\u00e2teau et le bar sera ouvert tout [&hellip;]","og_url":"https:\/\/chateau-formont.com\/index.php\/paques-au-chateau-formont\/","og_site_name":"Ch\u00e2teau Formont","article_modified_time":"2026-03-30T09:04:08+00:00","og_image":[{"url":"https:\/\/chateau-formont.com\/wp-content\/uploads\/2026\/03\/post-paques-769x1024.png"}],"twitter_card":"summary_large_image","twitter_misc":{"Dur\u00e9e de lecture estim\u00e9e":"3 minutes"},"schema":{"@context":"https:\/\/schema.org","@graph":[{"@type":"WebPage","@id":"https:\/\/chateau-formont.com\/index.php\/paques-au-chateau-formont\/","url":"https:\/\/chateau-formont.com\/index.php\/paques-au-chateau-formont\/","name":"P\u00e2ques au Ch\u00e2teau Formont - Ch\u00e2teau Formont","isPartOf":{"@id":"https:\/\/chateau-formont.com\/#website"},"datePublished":"2026-03-06T08:38:47+00:00","dateModified":"2026-03-30T09:04:08+00:00","breadcrumb":{"@id":"https:\/\/chateau-formont.com\/index.php\/paques-au-chateau-formont\/#breadcrumb"},"inLanguage":"fr-FR","potentialAction":[{"@type":"ReadAction","target":["https:\/\/chateau-formont.com\/index.php\/paques-au-chateau-formont\/"]}]},{"@type":"BreadcrumbList","@id":"https:\/\/chateau-formont.com\/index.php\/paques-au-chateau-formont\/#breadcrumb","itemListElement":[{"@type":"ListItem","position":1,"name":"Accueil","item":"https:\/\/chateau-formont.com\/"},{"@type":"ListItem","position":2,"name":"P\u00e2ques au Ch\u00e2teau Formont"}]},{"@type":"WebSite","@id":"https:\/\/chateau-formont.com\/#website","url":"https:\/\/chateau-formont.com\/","name":"Ch\u00e2teau Formont","description":"Un lieu unique \u00e0 Ambar\u00e8s-et-Lagrave","potentialAction":[{"@type":"SearchAction","target":{"@type":"EntryPoint","urlTemplate":"https:\/\/chateau-formont.com\/?s={search_term_string}"},"query-input":"required name=search_term_string"}],"inLanguage":"fr-FR"}]}},"_links":{"self":[{"href":"https:\/\/chateau-formont.com\/index.php\/wp-json\/wp\/v2\/pages\/16136","targetHints":{"allow":["GET"]}}],"collection":[{"href":"https:\/\/chateau-formont.com\/index.php\/wp-json\/wp\/v2\/pages"}],"about":[{"href":"https:\/\/chateau-formont.com\/index.php\/wp-json\/wp\/v2\/types\/page"}],"author":[{"embeddable":true,"href":"https:\/\/chateau-formont.com\/index.php\/wp-json\/wp\/v2\/users\/1"}],"replies":[{"embeddable":true,"href":"https:\/\/chateau-formont.com\/index.php\/wp-json\/wp\/v2\/comments?post=16136"}],"version-history":[{"count":22,"href":"https:\/\/chateau-formont.com\/index.php\/wp-json\/wp\/v2\/pages\/16136\/revisions"}],"predecessor-version":[{"id":16200,"href":"https:\/\/chateau-formont.com\/index.php\/wp-json\/wp\/v2\/pages\/16136\/revisions\/16200"}],"wp:attachment":[{"href":"https:\/\/chateau-formont.com\/index.php\/wp-json\/wp\/v2\/media?parent=16136"}],"curies":[{"name":"wp","href":"https:\/\/api.w.org\/{rel}","templated":true}]}}